{"id":115256,"date":"2024-11-20T14:13:39","date_gmt":"2024-11-20T13:13:39","guid":{"rendered":"https:\/\/secureus.se\/?post_type=product&#038;p=115256"},"modified":"2025-12-31T21:24:49","modified_gmt":"2025-12-31T20:24:49","slug":"namnskylt-classic-34x74-nal-klamfaste","status":"publish","type":"product","link":"https:\/\/secureus.se\/fi\/namnskylt-classic-34x74-nal-klamfaste\/","title":{"rendered":"Tyyppikilpi CLASSIC 34\u00d774, pin\/klipsikiinnitys"},"content":{"rendered":"<p>Konferenssin osallistujat, yritysten vierailijat, henkil\u00f6kunta messuilla, myym\u00e4l\u00f6iss\u00e4, palveluammatit ja myyj\u00e4t - listaa voi laajentaa sinne, miss\u00e4 tarvitaan erikokoisia, -mallisia ja -kiinnitysvaihtoehtoja. T\u00e4m\u00e4 tyylik\u00e4s 34\u00d774 mm:n alumiinin\u00e4k\u00f6inen kyltti naarmuuntumattomalla kehyksell\u00e4 on hieman kupera, mik\u00e4 tekee tekstist\u00e4 erityisen helppolukuisen. Yhdistelm\u00e4puristin antaa sinulle mahdollisuuden valita, kuinka kyltti kiinnitet\u00e4\u00e4n. Helppo poistaa ja vaihtaa nimilappu. Mukana valkoiset etiketit. Tarrat A4-arkeille tulostettaviksi tulostimiin voidaan tilata erikseen. K\u00e4yt\u00e4 ilmaista DURAPRINT\u00ae-ohjelmaa osoitteesta www.duraprint.se luodaksesi ja tulostaaksesi tyylikk\u00e4it\u00e4 nimilappuja.<br \/>\nLis\u00e4varusteet:<br \/>\nBadgemaker\u00ae-tarrat A4-arkeille tulostettaviksi tulostimella, tuotenro 142502<\/p>","protected":false},"excerpt":{"rendered":"<p>Kevyt kupera nimikilpi galvanoidulla kehyksell\u00e4, joka voidaan kiinnitt\u00e4\u00e4 hakaneulalla tai pidikkeell\u00e4. Tyylik\u00e4s alumiininen ulkoasu koossa 34x74mm. 10 kpl\/laatikko<\/p>","protected":false},"featured_media":133685,"template":"","meta":{"_acf_changed":false},"product_brand":[],"product_cat":[4282],"product_tag":[4382],"class_list":{"0":"post-115256","1":"product","2":"type-product","3":"status-publish","4":"has-post-thumbnail","6":"product_cat-namnskyltar-med-nal","7":"product_tag-silver","8":"product_shipping_class-tunga-paket","9":"pa_brands-durable","10":"pa_farg-silver","11":"tm-no-options","13":"first","14":"instock","15":"sale","16":"taxable","17":"shipping-taxable","18":"purchasable","19":"product-type-simple"},"acf":[],"_links":{"self":[{"href":"https:\/\/secureus.se\/fi\/wp-json\/wp\/v2\/product\/115256","targetHints":{"allow":["GET"]}}],"collection":[{"href":"https:\/\/secureus.se\/fi\/wp-json\/wp\/v2\/product"}],"about":[{"href":"https:\/\/secureus.se\/fi\/wp-json\/wp\/v2\/types\/product"}],"wp:featuredmedia":[{"embeddable":true,"href":"https:\/\/secureus.se\/fi\/wp-json\/wp\/v2\/media\/133685"}],"wp:attachment":[{"href":"https:\/\/secureus.se\/fi\/wp-json\/wp\/v2\/media?parent=115256"}],"wp:term":[{"taxonomy":"product_brand","embeddable":true,"href":"https:\/\/secureus.se\/fi\/wp-json\/wp\/v2\/product_brand?post=115256"},{"taxonomy":"product_cat","embeddable":true,"href":"https:\/\/secureus.se\/fi\/wp-json\/wp\/v2\/product_cat?post=115256"},{"taxonomy":"product_tag","embeddable":true,"href":"https:\/\/secureus.se\/fi\/wp-json\/wp\/v2\/product_tag?post=115256"}],"curies":[{"name":"wp","href":"https:\/\/api.w.org\/{rel}","templated":true}]}}