{"id":115268,"date":"2024-11-20T14:04:22","date_gmt":"2024-11-20T13:04:22","guid":{"rendered":"https:\/\/secureus.se\/?post_type=product&#038;p=115268"},"modified":"2026-01-12T13:01:47","modified_gmt":"2026-01-12T12:01:47","slug":"flexiboxx-12-a4-liggande-brochyrfack-2","status":"publish","type":"product","link":"https:\/\/secureus.se\/fi\/flexiboxx-12-a4-liggande-brochyrfack-2\/","title":{"rendered":"FLEXIBOXX 12 A4 vaakasuora esitealusta"},"content":{"rendered":"<p>Lomakelokero, esitehylly, postilaatikko - FLEXIBOXX on sarja tilaa s\u00e4\u00e4st\u00e4vi\u00e4, joustavia ja sein\u00e4\u00e4n kiinnitett\u00e4vi\u00e4 pidikkeit\u00e4 esitteille, aikakauslehdille, lomakkeille ja muille A4-muodossa oleville tiedoille. Jokaiseen lokeroon mahtuu 24 mm paksuja nippuja. T\u00e4m\u00e4 on t\u00e4ydellinen sarja, jossa on 12 vaakasuuntaista lokeroa, etupaneeli sek\u00e4 ruuveja ja tulppia. Kunkin yksitt\u00e4isen lokeron mitat ovat 35x28x3,5 cm (LxKxS). Sein\u00e4st\u00e4 ulosp\u00e4in koottuna ja asennettuna se on 9,5 cm, leveys 35 cm ja korkeus 104 cm.<\/p>","protected":false},"excerpt":{"rendered":"<p>T\u00e4ydellinen sarja, jossa on 12 lehtialustaa FLEXIBOXX A4 vaakamuodossa ja etulevy.<\/p>","protected":false},"featured_media":133698,"template":"","meta":{"_acf_changed":false},"product_brand":[],"product_cat":[4280],"product_tag":[4381],"class_list":{"0":"post-115268","1":"product","2":"type-product","3":"status-publish","4":"has-post-thumbnail","6":"product_cat-broschyrstall","7":"product_tag-svart","8":"product_shipping_class-tunga-paket","9":"pa_brands-durable","10":"pa_farg-svart","11":"tm-no-options","13":"first","14":"instock","15":"sale","16":"taxable","17":"shipping-taxable","18":"purchasable","19":"product-type-simple"},"acf":[],"_links":{"self":[{"href":"https:\/\/secureus.se\/fi\/wp-json\/wp\/v2\/product\/115268","targetHints":{"allow":["GET"]}}],"collection":[{"href":"https:\/\/secureus.se\/fi\/wp-json\/wp\/v2\/product"}],"about":[{"href":"https:\/\/secureus.se\/fi\/wp-json\/wp\/v2\/types\/product"}],"wp:featuredmedia":[{"embeddable":true,"href":"https:\/\/secureus.se\/fi\/wp-json\/wp\/v2\/media\/133698"}],"wp:attachment":[{"href":"https:\/\/secureus.se\/fi\/wp-json\/wp\/v2\/media?parent=115268"}],"wp:term":[{"taxonomy":"product_brand","embeddable":true,"href":"https:\/\/secureus.se\/fi\/wp-json\/wp\/v2\/product_brand?post=115268"},{"taxonomy":"product_cat","embeddable":true,"href":"https:\/\/secureus.se\/fi\/wp-json\/wp\/v2\/product_cat?post=115268"},{"taxonomy":"product_tag","embeddable":true,"href":"https:\/\/secureus.se\/fi\/wp-json\/wp\/v2\/product_tag?post=115268"}],"curies":[{"name":"wp","href":"https:\/\/api.w.org\/{rel}","templated":true}]}}