{"id":115271,"date":"2024-11-20T14:11:21","date_gmt":"2024-11-20T13:11:21","guid":{"rendered":"https:\/\/secureus.se\/?post_type=product&#038;p=115271"},"modified":"2025-09-15T12:38:34","modified_gmt":"2025-09-15T10:38:34","slug":"kabelsamlare-cavoline-grip-20","status":"publish","type":"product","link":"https:\/\/secureus.se\/fi\/kabelsamlare-cavoline-grip-20\/","title":{"rendered":"Kaapeliker\u00e4in CAVOLINE\u00ae GRIP 20"},"content":{"rendered":"<p>Pid\u00e4 kaapelit kunnossa CAVOLINE\u00ae:lla sek\u00e4 toimistossa ett\u00e4 kotona. Ker\u00e4\u00e4 kaapelit ja se n\u00e4ytt\u00e4\u00e4 siistimm\u00e4lt\u00e4 ja on my\u00f6s helpompi puhdistaa.<br \/>\n2 cm leve\u00e4 tarranauha leikataan haluttuun pituuteen sopimaan erilaisiin nippuihin. Nauhaa voi k\u00e4ytt\u00e4\u00e4 useita kertoja.<br \/>\n  Mitat: 1 m x 2 cm (P x L)<\/p>","protected":false},"excerpt":{"rendered":"<p>2 cm leve\u00e4st\u00e4 tarranauhasta valmistettu kaapeliker\u00e4in, joka leikataan haluttuun pituuteen.<\/p>","protected":false},"featured_media":115275,"template":"","meta":{"_acf_changed":false},"product_brand":[],"product_cat":[4287],"product_tag":[],"class_list":{"0":"post-115271","1":"product","2":"type-product","3":"status-publish","4":"has-post-thumbnail","6":"product_cat-kabelsamlare","7":"pa_brands-durable","8":"pa_farg-svart","9":"tm-no-options","11":"first","12":"instock","13":"sale","14":"taxable","15":"shipping-taxable","16":"purchasable","17":"product-type-simple"},"acf":[],"_links":{"self":[{"href":"https:\/\/secureus.se\/fi\/wp-json\/wp\/v2\/product\/115271","targetHints":{"allow":["GET"]}}],"collection":[{"href":"https:\/\/secureus.se\/fi\/wp-json\/wp\/v2\/product"}],"about":[{"href":"https:\/\/secureus.se\/fi\/wp-json\/wp\/v2\/types\/product"}],"wp:featuredmedia":[{"embeddable":true,"href":"https:\/\/secureus.se\/fi\/wp-json\/wp\/v2\/media\/115275"}],"wp:attachment":[{"href":"https:\/\/secureus.se\/fi\/wp-json\/wp\/v2\/media?parent=115271"}],"wp:term":[{"taxonomy":"product_brand","embeddable":true,"href":"https:\/\/secureus.se\/fi\/wp-json\/wp\/v2\/product_brand?post=115271"},{"taxonomy":"product_cat","embeddable":true,"href":"https:\/\/secureus.se\/fi\/wp-json\/wp\/v2\/product_cat?post=115271"},{"taxonomy":"product_tag","embeddable":true,"href":"https:\/\/secureus.se\/fi\/wp-json\/wp\/v2\/product_tag?post=115271"}],"curies":[{"name":"wp","href":"https:\/\/api.w.org\/{rel}","templated":true}]}}