{"id":115280,"date":"2024-11-20T14:03:11","date_gmt":"2024-11-20T13:03:11","guid":{"rendered":"https:\/\/secureus.se\/?post_type=product&#038;p=115280"},"modified":"2025-12-31T21:39:56","modified_gmt":"2025-12-31T20:39:56","slug":"klamlist-magnetisk-sjalvhaftande-durafix-roll-5-m-2","status":"publish","type":"product","link":"https:\/\/secureus.se\/fi\/klamlist-magnetisk-sjalvhaftande-durafix-roll-5-m-2\/","title":{"rendered":"Magneettinen kiinnitysnauha, itseliimautuva DURAFIX\u00ae ROLL 5 m"},"content":{"rendered":"<p>L\u00e4het\u00e4 muistiinpanoja, muistutuksia ja nopeammin ja helpommin DURAFIX\u00ae:in avulla. Helppo k\u00e4sitell\u00e4: kiinnit\u00e4 itseliimautuva magneettinauha, avaa, laita muistiinpano ja sulje. Halutun pituiseksi leikattava nauha asennetaan sileille pinnoille, kuten kaappeihin, lasioviin, n\u00e4yteikkunoihin, valkotauluihin tai messuosastoille, eik\u00e4 se j\u00e4t\u00e4 j\u00e4lki\u00e4 irrotettuna sileilt\u00e4 pinnoilta. N\u00e4ytt\u00e4\u00e4 upealta lasin molemmilta puolilta. Rulla 5 metri\u00e4, korkeus 17 mm.<\/p>","protected":false},"excerpt":{"rendered":"<p>Itsekiinnittyv\u00e4 magneettinen puristinkisko tiedoksi. Voidaan leikata haluttuun pituuteen.<\/p>","protected":false},"featured_media":134737,"template":"","meta":{"_acf_changed":false},"product_brand":[],"product_cat":[4269],"product_tag":[4387],"class_list":{"0":"post-115280","1":"product","2":"type-product","3":"status-publish","4":"has-post-thumbnail","6":"product_cat-magnetisk-fastsattning","7":"product_tag-bla","8":"product_shipping_class-tunga-paket","9":"pa_brands-durable","10":"pa_farg-bla","11":"tm-no-options","13":"first","14":"instock","15":"sale","16":"taxable","17":"shipping-taxable","18":"purchasable","19":"product-type-simple"},"acf":[],"_links":{"self":[{"href":"https:\/\/secureus.se\/fi\/wp-json\/wp\/v2\/product\/115280","targetHints":{"allow":["GET"]}}],"collection":[{"href":"https:\/\/secureus.se\/fi\/wp-json\/wp\/v2\/product"}],"about":[{"href":"https:\/\/secureus.se\/fi\/wp-json\/wp\/v2\/types\/product"}],"wp:featuredmedia":[{"embeddable":true,"href":"https:\/\/secureus.se\/fi\/wp-json\/wp\/v2\/media\/134737"}],"wp:attachment":[{"href":"https:\/\/secureus.se\/fi\/wp-json\/wp\/v2\/media?parent=115280"}],"wp:term":[{"taxonomy":"product_brand","embeddable":true,"href":"https:\/\/secureus.se\/fi\/wp-json\/wp\/v2\/product_brand?post=115280"},{"taxonomy":"product_cat","embeddable":true,"href":"https:\/\/secureus.se\/fi\/wp-json\/wp\/v2\/product_cat?post=115280"},{"taxonomy":"product_tag","embeddable":true,"href":"https:\/\/secureus.se\/fi\/wp-json\/wp\/v2\/product_tag?post=115280"}],"curies":[{"name":"wp","href":"https:\/\/api.w.org\/{rel}","templated":true}]}}