{"id":115301,"date":"2024-12-07T15:21:12","date_gmt":"2024-12-07T14:21:12","guid":{"rendered":"https:\/\/secureus.se\/?post_type=product&#038;p=115301"},"modified":"2026-01-12T12:08:06","modified_gmt":"2026-01-12T11:08:06","slug":"nyckelskap-key-box-48-med-cylinderlas","status":"publish","type":"product","link":"https:\/\/secureus.se\/fi\/nyckelskap-key-box-48-med-cylinderlas\/","title":{"rendered":"Avainkaappi KEY BOX 48 sylinterilukolla"},"content":{"rendered":"<p>Avainkaapin avulla avaimet ker\u00e4t\u00e4\u00e4n ja s\u00e4ilytet\u00e4\u00e4n luonnollisesti, mik\u00e4 luo parempaa j\u00e4rjestyst\u00e4 ja turvallisuutta. Durablen designsarjan KEY BOX eri avainkaapeineen on valmistettu alumiinista ja oven sis\u00e4puolella on selke\u00e4 sis\u00e4lt\u00f6luettelo. Avaimenper\u00e4t on suunniteltu erityisesti ripustettavaksi avainliuskan kahden koukun v\u00e4liin, jolloin merkint\u00e4 on selv\u00e4sti n\u00e4kyviss\u00e4 ja avain roikkuu avaimenper\u00e4n takana. Mukana tulee sarja, joka sis\u00e4lt\u00e4\u00e4 6 avainlappua punaisena, keltaisena, sinisen\u00e4 ja mustana, sek\u00e4 ruuvit ja tulpat asennusta varten. Mallit avaimenper\u00e4n ja avainluettelon tarrojen tulostamista varten ovat ladattavissa osoitteesta https:\/\/www.durable.se\/service\/ladda-ner\/mallar.html. T\u00e4ss\u00e4 avainkaapissa on sylinterilukko, jossa on 2 avainta ja tilaa 48 avaimelle. Etun\u00e4pp\u00e4imist\u00f6 voidaan t\u00e4ytt\u00e4\u00e4 useammilla n\u00e4pp\u00e4inliuskoilla, jotta siihen mahtuu useampia n\u00e4pp\u00e4imi\u00e4. Mitat: 40x30x12cm KxLxS<br \/>\nLis\u00e4varusteet: Lis\u00e4avainlappuja tuotenumero 1957 eri v\u00e4reiss\u00e4. <\/p>","protected":false},"excerpt":{"rendered":"<p>Alumiininen avainkaappi 48 avaimen s\u00e4ilytykseen. <\/p>","protected":false},"featured_media":135326,"template":"","meta":{"_acf_changed":false},"product_brand":[],"product_cat":[1932],"product_tag":[4382],"class_list":{"0":"post-115301","1":"product","2":"type-product","3":"status-publish","4":"has-post-thumbnail","6":"product_cat-nyckelgomma-nyckelbox","7":"product_tag-silver","8":"product_shipping_class-tunga-paket","9":"pa_brands-durable","10":"pa_farg-silver","11":"tm-no-options","13":"first","14":"instock","15":"sale","16":"taxable","17":"shipping-taxable","18":"purchasable","19":"product-type-simple"},"acf":[],"_links":{"self":[{"href":"https:\/\/secureus.se\/fi\/wp-json\/wp\/v2\/product\/115301","targetHints":{"allow":["GET"]}}],"collection":[{"href":"https:\/\/secureus.se\/fi\/wp-json\/wp\/v2\/product"}],"about":[{"href":"https:\/\/secureus.se\/fi\/wp-json\/wp\/v2\/types\/product"}],"wp:featuredmedia":[{"embeddable":true,"href":"https:\/\/secureus.se\/fi\/wp-json\/wp\/v2\/media\/135326"}],"wp:attachment":[{"href":"https:\/\/secureus.se\/fi\/wp-json\/wp\/v2\/media?parent=115301"}],"wp:term":[{"taxonomy":"product_brand","embeddable":true,"href":"https:\/\/secureus.se\/fi\/wp-json\/wp\/v2\/product_brand?post=115301"},{"taxonomy":"product_cat","embeddable":true,"href":"https:\/\/secureus.se\/fi\/wp-json\/wp\/v2\/product_cat?post=115301"},{"taxonomy":"product_tag","embeddable":true,"href":"https:\/\/secureus.se\/fi\/wp-json\/wp\/v2\/product_tag?post=115301"}],"curies":[{"name":"wp","href":"https:\/\/api.w.org\/{rel}","templated":true}]}}