{"id":115303,"date":"2024-11-05T18:20:29","date_gmt":"2024-11-05T17:20:29","guid":{"rendered":"https:\/\/secureus.se\/?post_type=product&#038;p=115303"},"modified":"2026-01-12T12:38:30","modified_gmt":"2026-01-12T11:38:30","slug":"bladderstall-function-wall-10","status":"publish","type":"product","link":"https:\/\/secureus.se\/fi\/bladderstall-function-wall-10\/","title":{"rendered":"Lehti\u00f6tauluteline FUNCTION WALL 10"},"content":{"rendered":"<p>Tieto- ja esittelytelineet, joilla on monia eri nimi\u00e4; paneeli, n\u00e4ytt\u00f6, yleiskuvausj\u00e4rjestelm\u00e4, siipirekisteri, PLU-pidike, asiakirjateline, huijauslehti\u2026. Nimest\u00e4 riippumatta sill\u00e4 on monia k\u00e4ytt\u00f6tarkoituksia varastoissa, tuotantotiloissa, kassoilla jne. Usein k\u00e4ytetty tieto on tallennettu, nopeasti l\u00f6ydett\u00e4viss\u00e4 ja helposti n\u00e4ht\u00e4viss\u00e4 yleiskatsausj\u00e4rjestelm\u00e4\u00e4n. FUNCTION WALL 10 on t\u00e4ydellinen metallisein\u00e4teline, jossa on 10 skannattavaa muovitaskua punaisilla ja sinisill\u00e4 reunoilla sek\u00e4 kiinte\u00e4t otsikkopidikkeet. A4-kokoisille asiakirjoille. Taskuja asetettaessa ja irrotettaessa on hyv\u00e4 taivuttaa taskua hieman varovasti keskelt\u00e4 pitk\u00e4\u00e4 sis\u00e4sivua pitkin. N\u00e4in tasku on helppo laittaa paikalleen ja irrottaa pitimen piikkej\u00e4 vahingoittamatta.<\/p>","protected":false},"excerpt":{"rendered":"<p>T\u00e4ydellinen metallinen sein\u00e4teline, jossa on 10 taitettavaa A4-paneelia, jotta usein k\u00e4ytetyt tiedot ovat nopeasti ja selke\u00e4sti k\u00e4sill\u00e4. <\/p>","protected":false},"featured_media":135147,"template":"","meta":{"_acf_changed":false},"product_brand":[],"product_cat":[4301],"product_tag":[4397],"class_list":{"0":"post-115303","1":"product","2":"type-product","3":"status-publish","4":"has-post-thumbnail","6":"product_cat-tillbehor-till-bladderpanelsystem","7":"product_tag-mix","8":"product_shipping_class-tunga-paket","9":"pa_brands-durable","10":"pa_farg-mix","11":"tm-no-options","13":"first","14":"instock","15":"sale","16":"taxable","17":"shipping-taxable","18":"purchasable","19":"product-type-simple"},"acf":[],"_links":{"self":[{"href":"https:\/\/secureus.se\/fi\/wp-json\/wp\/v2\/product\/115303","targetHints":{"allow":["GET"]}}],"collection":[{"href":"https:\/\/secureus.se\/fi\/wp-json\/wp\/v2\/product"}],"about":[{"href":"https:\/\/secureus.se\/fi\/wp-json\/wp\/v2\/types\/product"}],"wp:featuredmedia":[{"embeddable":true,"href":"https:\/\/secureus.se\/fi\/wp-json\/wp\/v2\/media\/135147"}],"wp:attachment":[{"href":"https:\/\/secureus.se\/fi\/wp-json\/wp\/v2\/media?parent=115303"}],"wp:term":[{"taxonomy":"product_brand","embeddable":true,"href":"https:\/\/secureus.se\/fi\/wp-json\/wp\/v2\/product_brand?post=115303"},{"taxonomy":"product_cat","embeddable":true,"href":"https:\/\/secureus.se\/fi\/wp-json\/wp\/v2\/product_cat?post=115303"},{"taxonomy":"product_tag","embeddable":true,"href":"https:\/\/secureus.se\/fi\/wp-json\/wp\/v2\/product_tag?post=115303"}],"curies":[{"name":"wp","href":"https:\/\/api.w.org\/{rel}","templated":true}]}}