{"id":115314,"date":"2024-11-20T14:12:21","date_gmt":"2024-11-20T13:12:21","guid":{"rendered":"https:\/\/secureus.se\/?post_type=product&#038;p=115314"},"modified":"2026-01-12T12:47:55","modified_gmt":"2026-01-12T11:47:55","slug":"namnskylt-54x90-magnetfaste","status":"publish","type":"product","link":"https:\/\/secureus.se\/fi\/namnskylt-54x90-magnetfaste\/","title":{"rendered":"Nimikilpi 54\u00d790, magneettikiinnitys"},"content":{"rendered":"<p>Konferenssin osallistujat, yritysten vierailijat, henkil\u00f6kunta messuilla, myym\u00e4l\u00f6iss\u00e4, palveluammatit ja myyj\u00e4t - listaa voi laajentaa sinne, miss\u00e4 tarvitaan erikokoisia, -mallisia ja -kiinnitysvaihtoehtoja. T\u00e4m\u00e4 on tekstiiliyst\u00e4v\u00e4llinen nimilappu, jossa on kaksi kiinnitysvaihtoehtoa, jotka eiv\u00e4t tee reiki\u00e4 vaatteisiin. Magneettikiinnityksen lis\u00e4ksi se voidaan my\u00f6s painaa alas rintataskun reunasta niin, ett\u00e4 itse nimikilpi n\u00e4kyy ja takaosa on taskun sis\u00e4puolella. HUOMIO! Ei sovellu henkil\u00f6ille, joilla on syd\u00e4mentahdistin. Mukana tulevat valkoiset etiketit nauhana. Tarrat A4-arkeille tulostettaviksi tulostimiin voidaan tilata erikseen. K\u00e4yt\u00e4 ilmaista DURAPRINT\u00ae-ohjelmaa osoitteesta www.duraprint.se luodaksesi ja tulostaaksesi tyylikk\u00e4it\u00e4 nimitarroja.<br \/>\nLis\u00e4varusteet:<br \/>\nBadgemaker\u00ae-tarrat A4-arkeille tulostettaviksi tulostimella, tuotenro 145502<\/p>","protected":false},"excerpt":{"rendered":"<p>Nimilappu magneettikiinnikkeell\u00e4, joka ei j\u00e4t\u00e4 j\u00e4lki\u00e4 vaatteisiin. K\u00e4yntikortin koko 54x90mm. 25 kpl\/laatikko<\/p>","protected":false},"featured_media":134642,"template":"","meta":{"_acf_changed":false},"product_brand":[],"product_cat":[4286],"product_tag":[4376],"class_list":{"0":"post-115314","1":"product","2":"type-product","3":"status-publish","4":"has-post-thumbnail","6":"product_cat-namnskyltar-med-magnet","7":"product_tag-transparent","8":"product_shipping_class-tunga-paket","9":"pa_brands-durable","10":"pa_farg-transparent","11":"tm-no-options","13":"first","14":"instock","15":"sale","16":"taxable","17":"shipping-taxable","18":"purchasable","19":"product-type-simple"},"acf":[],"_links":{"self":[{"href":"https:\/\/secureus.se\/fi\/wp-json\/wp\/v2\/product\/115314","targetHints":{"allow":["GET"]}}],"collection":[{"href":"https:\/\/secureus.se\/fi\/wp-json\/wp\/v2\/product"}],"about":[{"href":"https:\/\/secureus.se\/fi\/wp-json\/wp\/v2\/types\/product"}],"wp:featuredmedia":[{"embeddable":true,"href":"https:\/\/secureus.se\/fi\/wp-json\/wp\/v2\/media\/134642"}],"wp:attachment":[{"href":"https:\/\/secureus.se\/fi\/wp-json\/wp\/v2\/media?parent=115314"}],"wp:term":[{"taxonomy":"product_brand","embeddable":true,"href":"https:\/\/secureus.se\/fi\/wp-json\/wp\/v2\/product_brand?post=115314"},{"taxonomy":"product_cat","embeddable":true,"href":"https:\/\/secureus.se\/fi\/wp-json\/wp\/v2\/product_cat?post=115314"},{"taxonomy":"product_tag","embeddable":true,"href":"https:\/\/secureus.se\/fi\/wp-json\/wp\/v2\/product_tag?post=115314"}],"curies":[{"name":"wp","href":"https:\/\/api.w.org\/{rel}","templated":true}]}}