{"id":115324,"date":"2024-11-20T14:03:12","date_gmt":"2024-11-20T13:03:12","guid":{"rendered":"https:\/\/secureus.se\/?post_type=product&#038;p=115324"},"modified":"2025-12-31T21:31:15","modified_gmt":"2025-12-31T20:31:15","slug":"magnetklamma-sjalvhaftande-durafix-clip-60-mm-10-pack","status":"publish","type":"product","link":"https:\/\/secureus.se\/fi\/magnetklamma-sjalvhaftande-durafix-clip-60-mm-10-pack\/","title":{"rendered":"Magneettinen pidike itseliimautuva DURAFIX\u00ae CLIP 60 mm 10 kpl"},"content":{"rendered":"<p>L\u00e4het\u00e4 muistiinpanoja, muistutuksia ja nopeammin ja helpommin DURAFIX\u00ae:in avulla. Helppo k\u00e4sitell\u00e4: kiinnit\u00e4 itseliimautuva magneettipidike, avaa, aseta muistiinpano ja sulje. Klipsi asetetaan sileille pinnoille, kuten kaappeihin, lasioviin, j\u00e4\u00e4kaappiin tai messun\u00e4yttelyihin, eik\u00e4 se j\u00e4t\u00e4 j\u00e4lki\u00e4, kun se poistetaan sileilt\u00e4 pinnoilta. Mitat: 60x17 mm (LxK). Pussi, jossa 10 DURAFIX\u00ae CLIP -puristinta; 4 mustaa, 4 hopeaa ja 2 sinist\u00e4.<\/p>","protected":false},"excerpt":{"rendered":"<p>Magneettinen pidike muistiinpanoille, muistutuksille jne. Itsekiinnittyv\u00e4 sileille pinnoille.<\/p>","protected":false},"featured_media":134656,"template":"","meta":{"_acf_changed":false},"product_brand":[],"product_cat":[4269],"product_tag":[4397],"class_list":{"0":"post-115324","1":"product","2":"type-product","3":"status-publish","4":"has-post-thumbnail","6":"product_cat-magnetisk-fastsattning","7":"product_tag-mix","8":"product_shipping_class-tunga-paket","9":"pa_brands-durable","10":"pa_farg-mix","11":"tm-no-options","13":"first","14":"instock","15":"sale","16":"taxable","17":"shipping-taxable","18":"purchasable","19":"product-type-simple"},"acf":[],"_links":{"self":[{"href":"https:\/\/secureus.se\/fi\/wp-json\/wp\/v2\/product\/115324","targetHints":{"allow":["GET"]}}],"collection":[{"href":"https:\/\/secureus.se\/fi\/wp-json\/wp\/v2\/product"}],"about":[{"href":"https:\/\/secureus.se\/fi\/wp-json\/wp\/v2\/types\/product"}],"wp:featuredmedia":[{"embeddable":true,"href":"https:\/\/secureus.se\/fi\/wp-json\/wp\/v2\/media\/134656"}],"wp:attachment":[{"href":"https:\/\/secureus.se\/fi\/wp-json\/wp\/v2\/media?parent=115324"}],"wp:term":[{"taxonomy":"product_brand","embeddable":true,"href":"https:\/\/secureus.se\/fi\/wp-json\/wp\/v2\/product_brand?post=115324"},{"taxonomy":"product_cat","embeddable":true,"href":"https:\/\/secureus.se\/fi\/wp-json\/wp\/v2\/product_cat?post=115324"},{"taxonomy":"product_tag","embeddable":true,"href":"https:\/\/secureus.se\/fi\/wp-json\/wp\/v2\/product_tag?post=115324"}],"curies":[{"name":"wp","href":"https:\/\/api.w.org\/{rel}","templated":true}]}}