{"id":115351,"date":"2024-11-20T14:03:41","date_gmt":"2024-11-20T13:03:41","guid":{"rendered":"https:\/\/secureus.se\/?post_type=product&#038;p=115351"},"modified":"2025-09-15T12:39:59","modified_gmt":"2025-09-15T10:39:59","slug":"klamlist-magnetisk-durafix-rail-297-mm-2","status":"publish","type":"product","link":"https:\/\/secureus.se\/fi\/klamlist-magnetisk-durafix-rail-297-mm-2\/","title":{"rendered":"Magneettinen kiinnityslista DURAFIX\u00ae RAIL 297 mm"},"content":{"rendered":"<p>L\u00e4het\u00e4 muistiinpanoja, muistutuksia ja nopeammin ja helpommin DURAFIX\u00ae:in avulla. Helppo k\u00e4sitell\u00e4: kiinnit\u00e4 itseliimautuva magneettinauha, avaa, laita muistiinpano ja sulje. Nauha asennetaan sileille pinnoille, kuten kaappeihin, lasioviin, ikkunoihin, valkotauluihin tai messuosastoihin, eik\u00e4 se j\u00e4t\u00e4 j\u00e4lki\u00e4, kun se poistetaan sileilt\u00e4 pinnoilta. K\u00e4yt\u00e4 yht\u00e4 tai kahta luetteloa tietojen m\u00e4\u00e4ritt\u00e4miseen. N\u00e4ytt\u00e4\u00e4 upealta lasin molemmilta puolilta. Mitat: 297 \u00d7 17 mm (LxK) sopii A4 vaaka- ja A3 muotokuvaan. Pussi, jossa 5 DURAFIX\u00aeRAIL kiinnityskiskot.<\/p>","protected":false},"excerpt":{"rendered":"<p>Itsekiinnittyv\u00e4 magneettipidike asiakirjoille ja muistiinpanoille. A4 vaaka- tai A3 muotokuvaan.<\/p>","protected":false},"featured_media":133818,"template":"","meta":{"_acf_changed":false},"product_brand":[],"product_cat":[4269],"product_tag":[4387],"class_list":{"0":"post-115351","1":"product","2":"type-product","3":"status-publish","4":"has-post-thumbnail","6":"product_cat-magnetisk-fastsattning","7":"product_tag-bla","8":"pa_brands-durable","9":"pa_farg-bla","10":"tm-no-options","12":"first","13":"instock","14":"sale","15":"taxable","16":"shipping-taxable","17":"purchasable","18":"product-type-simple"},"acf":[],"_links":{"self":[{"href":"https:\/\/secureus.se\/fi\/wp-json\/wp\/v2\/product\/115351","targetHints":{"allow":["GET"]}}],"collection":[{"href":"https:\/\/secureus.se\/fi\/wp-json\/wp\/v2\/product"}],"about":[{"href":"https:\/\/secureus.se\/fi\/wp-json\/wp\/v2\/types\/product"}],"wp:featuredmedia":[{"embeddable":true,"href":"https:\/\/secureus.se\/fi\/wp-json\/wp\/v2\/media\/133818"}],"wp:attachment":[{"href":"https:\/\/secureus.se\/fi\/wp-json\/wp\/v2\/media?parent=115351"}],"wp:term":[{"taxonomy":"product_brand","embeddable":true,"href":"https:\/\/secureus.se\/fi\/wp-json\/wp\/v2\/product_brand?post=115351"},{"taxonomy":"product_cat","embeddable":true,"href":"https:\/\/secureus.se\/fi\/wp-json\/wp\/v2\/product_cat?post=115351"},{"taxonomy":"product_tag","embeddable":true,"href":"https:\/\/secureus.se\/fi\/wp-json\/wp\/v2\/product_tag?post=115351"}],"curies":[{"name":"wp","href":"https:\/\/api.w.org\/{rel}","templated":true}]}}