{"id":115353,"date":"2024-11-20T14:10:21","date_gmt":"2024-11-20T13:10:21","guid":{"rendered":"https:\/\/secureus.se\/?post_type=product&#038;p=115353"},"modified":"2026-01-12T12:04:12","modified_gmt":"2026-01-12T11:04:12","slug":"golvmarkering-fotavtryck","status":"publish","type":"product","link":"https:\/\/secureus.se\/fi\/golvmarkering-fotavtryck\/","title":{"rendered":"Lattiamerkint\u00e4 &quot;Jalanj\u00e4lki&quot;"},"content":{"rendered":"<p>Itseliimautuva lattiamerkint\u00e4symboli jalanj\u00e4lkien muodossa k\u00e4velyalueiden merkitsemiseen sis\u00e4tiloissa. Kiinnittyy puhtaisiin ja kuiviin betonilattioihin. Kest\u00e4v\u00e4 ja kest\u00e4v\u00e4, liukastumisenestoluokitus R9 DIN 51130:n mukaisesti.<br \/>\nMitat (L x K x S): 90 mm x 240 mm x 0,7 mm<\/p>","protected":false},"excerpt":{"rendered":"<p>Itsekiinnittyv\u00e4 lattiamerkint\u00e4 jalanj\u00e4ljen muodossa k\u00e4velyalueiden merkitsemiseen.<\/p>","protected":false},"featured_media":147748,"template":"","meta":{"_acf_changed":false},"product_brand":[],"product_cat":[4302],"product_tag":[4395],"class_list":{"0":"post-115353","1":"product","2":"type-product","3":"status-publish","4":"has-post-thumbnail","6":"product_cat-markeringar-av-uppstallningsplatser","7":"product_tag-gul","8":"product_shipping_class-tunga-paket","9":"pa_brands-durable","10":"pa_farg-gul","11":"tm-no-options","13":"first","14":"instock","15":"sale","16":"taxable","17":"shipping-taxable","18":"purchasable","19":"product-type-simple"},"acf":[],"_links":{"self":[{"href":"https:\/\/secureus.se\/fi\/wp-json\/wp\/v2\/product\/115353","targetHints":{"allow":["GET"]}}],"collection":[{"href":"https:\/\/secureus.se\/fi\/wp-json\/wp\/v2\/product"}],"about":[{"href":"https:\/\/secureus.se\/fi\/wp-json\/wp\/v2\/types\/product"}],"wp:featuredmedia":[{"embeddable":true,"href":"https:\/\/secureus.se\/fi\/wp-json\/wp\/v2\/media\/147748"}],"wp:attachment":[{"href":"https:\/\/secureus.se\/fi\/wp-json\/wp\/v2\/media?parent=115353"}],"wp:term":[{"taxonomy":"product_brand","embeddable":true,"href":"https:\/\/secureus.se\/fi\/wp-json\/wp\/v2\/product_brand?post=115353"},{"taxonomy":"product_cat","embeddable":true,"href":"https:\/\/secureus.se\/fi\/wp-json\/wp\/v2\/product_cat?post=115353"},{"taxonomy":"product_tag","embeddable":true,"href":"https:\/\/secureus.se\/fi\/wp-json\/wp\/v2\/product_tag?post=115353"}],"curies":[{"name":"wp","href":"https:\/\/api.w.org\/{rel}","templated":true}]}}