{"id":115364,"date":"2024-11-20T14:10:22","date_gmt":"2024-11-20T13:10:22","guid":{"rendered":"https:\/\/secureus.se\/?post_type=product&#038;p=115364"},"modified":"2026-01-12T12:03:01","modified_gmt":"2026-01-12T11:03:01","slug":"golvmarkering-l-form","status":"publish","type":"product","link":"https:\/\/secureus.se\/fi\/golvmarkering-l-form\/","title":{"rendered":"Lattiamerkint\u00e4 &quot;L-muotoinen&quot;"},"content":{"rendered":"<p>Itsekiinnittyv\u00e4 lattiamerkint\u00e4symboli &quot;L&quot;-kirjaimen muotoinen lavatilojen tai muiden rajausten sis\u00e4kulmamerkint\u00e4\u00e4n. Kiinnittyy puhtaisiin ja kuiviin betonilattioihin. Kest\u00e4v\u00e4 ja kest\u00e4v\u00e4, liukastumisenestoluokitus R9 DIN 51130:n mukaisesti.<br \/>\nMitat (L x K x S): 100 mm x 0,7 mm x 150 mm<\/p>","protected":false},"excerpt":{"rendered":"<p>Itsekiinnittyv\u00e4 lattiamerkint\u00e4 &quot;L&quot;-kirjaimen muodossa lavapaikkojen tai muiden m\u00e4\u00e4riteltyjen alueiden merkitsemiseen.<\/p>","protected":false},"featured_media":133774,"template":"","meta":{"_acf_changed":false},"product_brand":[],"product_cat":[4302],"product_tag":[4395],"class_list":{"0":"post-115364","1":"product","2":"type-product","3":"status-publish","4":"has-post-thumbnail","6":"product_cat-markeringar-av-uppstallningsplatser","7":"product_tag-gul","8":"product_shipping_class-tunga-paket","9":"pa_brands-durable","10":"pa_farg-gul","11":"tm-no-options","13":"first","14":"instock","15":"sale","16":"taxable","17":"shipping-taxable","18":"purchasable","19":"product-type-simple"},"acf":[],"_links":{"self":[{"href":"https:\/\/secureus.se\/fi\/wp-json\/wp\/v2\/product\/115364","targetHints":{"allow":["GET"]}}],"collection":[{"href":"https:\/\/secureus.se\/fi\/wp-json\/wp\/v2\/product"}],"about":[{"href":"https:\/\/secureus.se\/fi\/wp-json\/wp\/v2\/types\/product"}],"wp:featuredmedia":[{"embeddable":true,"href":"https:\/\/secureus.se\/fi\/wp-json\/wp\/v2\/media\/133774"}],"wp:attachment":[{"href":"https:\/\/secureus.se\/fi\/wp-json\/wp\/v2\/media?parent=115364"}],"wp:term":[{"taxonomy":"product_brand","embeddable":true,"href":"https:\/\/secureus.se\/fi\/wp-json\/wp\/v2\/product_brand?post=115364"},{"taxonomy":"product_cat","embeddable":true,"href":"https:\/\/secureus.se\/fi\/wp-json\/wp\/v2\/product_cat?post=115364"},{"taxonomy":"product_tag","embeddable":true,"href":"https:\/\/secureus.se\/fi\/wp-json\/wp\/v2\/product_tag?post=115364"}],"curies":[{"name":"wp","href":"https:\/\/api.w.org\/{rel}","templated":true}]}}