{"id":115365,"date":"2024-11-20T14:13:11","date_gmt":"2024-11-20T13:13:11","guid":{"rendered":"https:\/\/secureus.se\/?post_type=product&#038;p=115365"},"modified":"2026-01-12T12:49:24","modified_gmt":"2026-01-12T11:49:24","slug":"namnskylt-a4-ark-m-inbjudan-visitor-badge","status":"publish","type":"product","link":"https:\/\/secureus.se\/fi\/namnskylt-a4-ark-m-inbjudan-visitor-badge\/","title":{"rendered":"Nimimerkki A4-arkki kutsulla VISITOR BADGE"},"content":{"rendered":"<p>L\u00e4het\u00e4 kutsu tai ohjelma suurempiin tapahtumiin samaan aikaan kun osallistujat saavat nimi- tai vierailijamerkkins\u00e4. Tarrapohjainen kyltti poistetaan paperiarkista ja etu- ja takapuoli liimataan yhteen. Rei\u00e4t, jotta voidaan kiinnitt\u00e4\u00e4 esim. tekstiilikaulakoru\/avaimenper\u00e4. Tyyppikilpi voidaan suunnitella ilmaisella DURAPRINT\u00ae-ohjelmalla ja tulostaa lasertulostimella. Tyyppikilven mitat ovat 97x86mm.<\/p>","protected":false},"excerpt":{"rendered":"<p>Tapahtuman nimikilpi. A4-arkki, jossa on tilaa kutsulle tai ohjelmalle sek\u00e4 arkilta irrotettava nimilappu.<\/p>","protected":false},"featured_media":133620,"template":"","meta":{"_acf_changed":false},"product_brand":[],"product_cat":[4273],"product_tag":[4396],"class_list":{"0":"post-115365","1":"product","2":"type-product","3":"status-publish","4":"has-post-thumbnail","6":"product_cat-namnskyltar-utan-faste","7":"product_tag-vit","8":"product_shipping_class-tunga-paket","9":"pa_brands-durable","10":"pa_farg-vit","11":"tm-no-options","13":"first","14":"instock","15":"sale","16":"taxable","17":"shipping-taxable","18":"purchasable","19":"product-type-simple"},"acf":[],"_links":{"self":[{"href":"https:\/\/secureus.se\/fi\/wp-json\/wp\/v2\/product\/115365","targetHints":{"allow":["GET"]}}],"collection":[{"href":"https:\/\/secureus.se\/fi\/wp-json\/wp\/v2\/product"}],"about":[{"href":"https:\/\/secureus.se\/fi\/wp-json\/wp\/v2\/types\/product"}],"wp:featuredmedia":[{"embeddable":true,"href":"https:\/\/secureus.se\/fi\/wp-json\/wp\/v2\/media\/133620"}],"wp:attachment":[{"href":"https:\/\/secureus.se\/fi\/wp-json\/wp\/v2\/media?parent=115365"}],"wp:term":[{"taxonomy":"product_brand","embeddable":true,"href":"https:\/\/secureus.se\/fi\/wp-json\/wp\/v2\/product_brand?post=115365"},{"taxonomy":"product_cat","embeddable":true,"href":"https:\/\/secureus.se\/fi\/wp-json\/wp\/v2\/product_cat?post=115365"},{"taxonomy":"product_tag","embeddable":true,"href":"https:\/\/secureus.se\/fi\/wp-json\/wp\/v2\/product_tag?post=115365"}],"curies":[{"name":"wp","href":"https:\/\/api.w.org\/{rel}","templated":true}]}}