{"id":115386,"date":"2024-11-20T14:10:22","date_gmt":"2024-11-20T13:10:22","guid":{"rendered":"https:\/\/secureus.se\/?post_type=product&#038;p=115386"},"modified":"2026-01-12T11:59:38","modified_gmt":"2026-01-12T10:59:38","slug":"golvmarkeringstejp-duraline-50-05-4","status":"publish","type":"product","link":"https:\/\/secureus.se\/fi\/golvmarkeringstejp-duraline-50-05-4\/","title":{"rendered":"Lattiamerkint\u00e4teippi DURALINE\u00ae 50\/05"},"content":{"rendered":"<p>Itsekiinnittyv\u00e4 merkint\u00e4teippi sis\u00e4k\u00e4ytt\u00f6\u00f6n. K\u00e4ytet\u00e4\u00e4n huomiota vaativien alueiden pysyv\u00e4\u00e4n merkitsemiseen, esim. liikennealueet ja rajoitusalueet. Kiinnittyy puhtaisiin ja kuiviin betonilattioihin. Kest\u00e4v\u00e4 ja kest\u00e4v\u00e4, liukastumisenestoluokitus R9 DIN51130:n mukaisesti.<br \/>\nMitat (L x P): Rulla 30 m, leveys 50 mm, paksuus 0,5 mm<\/p>","protected":false},"excerpt":{"rendered":"<p>Itsekiinnittyv\u00e4 yksiv\u00e4rinen lattiamerkint\u00e4teippi j\u00e4rjestyksen ja turvallisuuden luomiseen varastoihin ja teollisuuteen. 0,5 mm paksu.<\/p>","protected":false},"featured_media":133768,"template":"","meta":{"_acf_changed":false},"product_brand":[],"product_cat":[4303],"product_tag":[4389],"class_list":{"0":"post-115386","1":"product","2":"type-product","3":"status-publish","4":"has-post-thumbnail","6":"product_cat-golvtejp","7":"product_tag-rod","8":"product_shipping_class-tunga-paket","9":"pa_brands-durable","10":"pa_farg-rod","11":"tm-no-options","13":"first","14":"instock","15":"sale","16":"taxable","17":"shipping-taxable","18":"purchasable","19":"product-type-simple"},"acf":[],"_links":{"self":[{"href":"https:\/\/secureus.se\/fi\/wp-json\/wp\/v2\/product\/115386","targetHints":{"allow":["GET"]}}],"collection":[{"href":"https:\/\/secureus.se\/fi\/wp-json\/wp\/v2\/product"}],"about":[{"href":"https:\/\/secureus.se\/fi\/wp-json\/wp\/v2\/types\/product"}],"wp:featuredmedia":[{"embeddable":true,"href":"https:\/\/secureus.se\/fi\/wp-json\/wp\/v2\/media\/133768"}],"wp:attachment":[{"href":"https:\/\/secureus.se\/fi\/wp-json\/wp\/v2\/media?parent=115386"}],"wp:term":[{"taxonomy":"product_brand","embeddable":true,"href":"https:\/\/secureus.se\/fi\/wp-json\/wp\/v2\/product_brand?post=115386"},{"taxonomy":"product_cat","embeddable":true,"href":"https:\/\/secureus.se\/fi\/wp-json\/wp\/v2\/product_cat?post=115386"},{"taxonomy":"product_tag","embeddable":true,"href":"https:\/\/secureus.se\/fi\/wp-json\/wp\/v2\/product_tag?post=115386"}],"curies":[{"name":"wp","href":"https:\/\/api.w.org\/{rel}","templated":true}]}}