{"id":115397,"date":"2024-11-20T14:14:10","date_gmt":"2024-11-20T13:14:10","guid":{"rendered":"https:\/\/secureus.se\/?post_type=product&#038;p=115397"},"modified":"2026-01-12T12:47:35","modified_gmt":"2026-01-12T11:47:35","slug":"namnskylt-click-fold-40x75nal-klamma","status":"publish","type":"product","link":"https:\/\/secureus.se\/fi\/namnskylt-click-fold-40x75nal-klamma\/","title":{"rendered":"Nimilappu CLICK FOLD 40\u00d775, pin\/klipsi"},"content":{"rendered":"<p>Konferenssin osallistujat, yritysten vierailijat, henkil\u00f6kunta messuilla, myym\u00e4l\u00f6iss\u00e4, palveluammatit ja myyj\u00e4t - listaa voi laajentaa sinne, miss\u00e4 tarvitaan erikokoisia, -mallisia ja -kiinnitysvaihtoehtoja. Clic Fold -sarja on valmistettu kierr\u00e4tetyst\u00e4 polypropeenimuovista 70%, joka on taitettava &quot;napsautuslukolla&quot; tarran vaihtamista varten, joka silti pysyy aina tukevasti paikoillaan. T\u00e4m\u00e4 nimikilpi 40x75mm, jossa on yhdistelm\u00e4klipsi, antaa sinulle mahdollisuuden kiinnitt\u00e4\u00e4 levy. Mukana tulevat valkoiset etiketit nauhana. Tarrat A4-arkeille tulostettaviksi tulostimiin voidaan tilata erikseen. K\u00e4yt\u00e4 ilmaista DURAPRINT\u00ae-ohjelmaa osoitteesta www.duraprint.se luodaksesi ja tulostaaksesi tyylikk\u00e4it\u00e4 nimitarroja.<br \/>\nLis\u00e4varusteet:<br \/>\nBadgemaker\u00ae-tarrat A4-arkeille tulostettaviksi tulostimella, tuotenro 145302<\/p>","protected":false},"excerpt":{"rendered":"<p>Kevyesti kupera taitettava nimilappu, jossa &quot;snap lock&quot;, joka voidaan kiinnitt\u00e4\u00e4 hakaneulalla tai pidikkeell\u00e4. Koko 40x75mm. 25 kpl\/laatikko<\/p>","protected":false},"featured_media":133916,"template":"","meta":{"_acf_changed":false},"product_brand":[],"product_cat":[4282],"product_tag":[4376],"class_list":{"0":"post-115397","1":"product","2":"type-product","3":"status-publish","4":"has-post-thumbnail","6":"product_cat-namnskyltar-med-nal","7":"product_tag-transparent","8":"product_shipping_class-tunga-paket","9":"pa_brands-durable","10":"pa_farg-transparent","11":"tm-no-options","13":"first","14":"instock","15":"sale","16":"taxable","17":"shipping-taxable","18":"purchasable","19":"product-type-simple"},"acf":[],"_links":{"self":[{"href":"https:\/\/secureus.se\/fi\/wp-json\/wp\/v2\/product\/115397","targetHints":{"allow":["GET"]}}],"collection":[{"href":"https:\/\/secureus.se\/fi\/wp-json\/wp\/v2\/product"}],"about":[{"href":"https:\/\/secureus.se\/fi\/wp-json\/wp\/v2\/types\/product"}],"wp:featuredmedia":[{"embeddable":true,"href":"https:\/\/secureus.se\/fi\/wp-json\/wp\/v2\/media\/133916"}],"wp:attachment":[{"href":"https:\/\/secureus.se\/fi\/wp-json\/wp\/v2\/media?parent=115397"}],"wp:term":[{"taxonomy":"product_brand","embeddable":true,"href":"https:\/\/secureus.se\/fi\/wp-json\/wp\/v2\/product_brand?post=115397"},{"taxonomy":"product_cat","embeddable":true,"href":"https:\/\/secureus.se\/fi\/wp-json\/wp\/v2\/product_cat?post=115397"},{"taxonomy":"product_tag","embeddable":true,"href":"https:\/\/secureus.se\/fi\/wp-json\/wp\/v2\/product_tag?post=115397"}],"curies":[{"name":"wp","href":"https:\/\/api.w.org\/{rel}","templated":true}]}}