{"id":115407,"date":"2024-11-20T14:16:24","date_gmt":"2024-11-20T13:16:24","guid":{"rendered":"https:\/\/secureus.se\/?post_type=product&#038;p=115407"},"modified":"2026-01-12T12:05:40","modified_gmt":"2026-01-12T11:05:40","slug":"plastficka-plus-a4l-extra-stark-magnet-2","status":"publish","type":"product","link":"https:\/\/secureus.se\/fi\/plastficka-plus-a4l-extra-stark-magnet-2\/","title":{"rendered":"Muovinen tasku Plus A4L eritt\u00e4in vahva magneetti"},"content":{"rendered":"<p>Selke\u00e4 ja kattava palkkien, hyllyjen, ovien, kuormalavojen, konttien ja muiden tilojen merkitseminen parantaa ja virtaviivaistaa ty\u00f6prosessia varastoissa ja tuotantotiloissa. Kest\u00e4v\u00e4st\u00e4 polypropeenista valmistetut magneettiset muovitaskut ovat luettavissa skannerilla ja suojaavat vaihdettavia sis\u00e4osia lialta. Kaksi neodyymimagneettia vahvalla tarttumisvoimalla pit\u00e4v\u00e4t taskun tukevasti paikallaan. Ilmainen malli etikettiin on saatavilla osoitteessa www.duraprint.se.<br \/>\nSis\u00e4mitat: A4L (297\u00d7210 mm L x K)<br \/>\nUlkomitat: 311 \u00d7 280 mm (L x K)<br \/>\nTarvikkeet: Tarrat A4-arkeille, art. nro 485602<\/p>","protected":false},"excerpt":{"rendered":"<p>Muovitasku kahdella eritt\u00e4in vahvalla neodyymimagneetilla. K\u00e4ytet\u00e4\u00e4n metallipinnoilla, kuten s\u00e4ilytyshyllyill\u00e4, palkkeilla ja metallis\u00e4ili\u00f6ill\u00e4.<\/p>","protected":false},"featured_media":133838,"template":"","meta":{"_acf_changed":false},"product_brand":[],"product_cat":[4306],"product_tag":[4387],"class_list":{"0":"post-115407","1":"product","2":"type-product","3":"status-publish","4":"has-post-thumbnail","6":"product_cat-markning-pallstall","7":"product_tag-bla","8":"product_shipping_class-tunga-paket","9":"pa_brands-durable","10":"pa_farg-bla","11":"tm-no-options","13":"first","14":"instock","15":"sale","16":"taxable","17":"shipping-taxable","18":"purchasable","19":"product-type-simple"},"acf":[],"_links":{"self":[{"href":"https:\/\/secureus.se\/fi\/wp-json\/wp\/v2\/product\/115407","targetHints":{"allow":["GET"]}}],"collection":[{"href":"https:\/\/secureus.se\/fi\/wp-json\/wp\/v2\/product"}],"about":[{"href":"https:\/\/secureus.se\/fi\/wp-json\/wp\/v2\/types\/product"}],"wp:featuredmedia":[{"embeddable":true,"href":"https:\/\/secureus.se\/fi\/wp-json\/wp\/v2\/media\/133838"}],"wp:attachment":[{"href":"https:\/\/secureus.se\/fi\/wp-json\/wp\/v2\/media?parent=115407"}],"wp:term":[{"taxonomy":"product_brand","embeddable":true,"href":"https:\/\/secureus.se\/fi\/wp-json\/wp\/v2\/product_brand?post=115407"},{"taxonomy":"product_cat","embeddable":true,"href":"https:\/\/secureus.se\/fi\/wp-json\/wp\/v2\/product_cat?post=115407"},{"taxonomy":"product_tag","embeddable":true,"href":"https:\/\/secureus.se\/fi\/wp-json\/wp\/v2\/product_tag?post=115407"}],"curies":[{"name":"wp","href":"https:\/\/api.w.org\/{rel}","templated":true}]}}