{"id":115420,"date":"2024-11-20T14:10:40","date_gmt":"2024-11-20T13:10:40","guid":{"rendered":"https:\/\/secureus.se\/?post_type=product&#038;p=115420"},"modified":"2026-01-12T12:56:01","modified_gmt":"2026-01-12T11:56:01","slug":"golvmarkeringstejp-duraline-50-07-2","status":"publish","type":"product","link":"https:\/\/secureus.se\/fi\/golvmarkeringstejp-duraline-50-07-2\/","title":{"rendered":"Lattiamerkint\u00e4teippi DURALINE\u00ae 50\/07"},"content":{"rendered":"<p>Itsekiinnittyv\u00e4 raidallinen merkint\u00e4teippi sis\u00e4k\u00e4ytt\u00f6\u00f6n. K\u00e4ytet\u00e4\u00e4n huomiota vaativien riskialueiden pysyv\u00e4\u00e4n merkitsemiseen, esim. liikennealueet ja rajoitusalueet. Kiinnittyy puhtaisiin ja kuiviin betonilattioihin. Liukastumisenestotaso R9 standardin DIN51130 mukaisesti. Vihre\u00e4\u00e4\/valkoista varoitusteippi\u00e4 k\u00e4ytet\u00e4\u00e4n pakoreittej\u00e4 ja ensiapua varten.<br \/>\nMitat (L x P): Rulla 30 m, leveys 50 mm, paksuus 0,7 mm<\/p>","protected":false},"excerpt":{"rendered":"<p>Itsekiinnittyv\u00e4 raidallinen lattiamerkint\u00e4teippi varoitusv\u00e4reill\u00e4. Lis\u00e4\u00e4 turvallisuutta varastojen ja teollisuuden riskialueiden selke\u00e4ll\u00e4 merkinn\u00e4ll\u00e4.<\/p>","protected":false},"featured_media":133831,"template":"","meta":{"_acf_changed":false},"product_brand":[],"product_cat":[4303],"product_tag":[4379],"class_list":{"0":"post-115420","1":"product","2":"type-product","3":"status-publish","4":"has-post-thumbnail","6":"product_cat-golvtejp","7":"product_tag-gron-vit","8":"product_shipping_class-tunga-paket","9":"pa_brands-durable","10":"pa_farg-gron-vit","11":"tm-no-options","13":"first","14":"instock","15":"sale","16":"taxable","17":"shipping-taxable","18":"purchasable","19":"product-type-simple"},"acf":[],"_links":{"self":[{"href":"https:\/\/secureus.se\/fi\/wp-json\/wp\/v2\/product\/115420","targetHints":{"allow":["GET"]}}],"collection":[{"href":"https:\/\/secureus.se\/fi\/wp-json\/wp\/v2\/product"}],"about":[{"href":"https:\/\/secureus.se\/fi\/wp-json\/wp\/v2\/types\/product"}],"wp:featuredmedia":[{"embeddable":true,"href":"https:\/\/secureus.se\/fi\/wp-json\/wp\/v2\/media\/133831"}],"wp:attachment":[{"href":"https:\/\/secureus.se\/fi\/wp-json\/wp\/v2\/media?parent=115420"}],"wp:term":[{"taxonomy":"product_brand","embeddable":true,"href":"https:\/\/secureus.se\/fi\/wp-json\/wp\/v2\/product_brand?post=115420"},{"taxonomy":"product_cat","embeddable":true,"href":"https:\/\/secureus.se\/fi\/wp-json\/wp\/v2\/product_cat?post=115420"},{"taxonomy":"product_tag","embeddable":true,"href":"https:\/\/secureus.se\/fi\/wp-json\/wp\/v2\/product_tag?post=115420"}],"curies":[{"name":"wp","href":"https:\/\/api.w.org\/{rel}","templated":true}]}}