{"id":115428,"date":"2024-11-20T14:14:37","date_gmt":"2024-11-20T13:14:37","guid":{"rendered":"https:\/\/secureus.se\/?post_type=product&#038;p=115428"},"modified":"2026-01-12T12:52:48","modified_gmt":"2026-01-12T11:52:48","slug":"namnskylt-set-54x90-nal-klamma-a4-etikettark","status":"publish","type":"product","link":"https:\/\/secureus.se\/fi\/namnskylt-set-54x90-nal-klamma-a4-etikettark\/","title":{"rendered":"Tyyppikilpi SET 54\u00d790, pin\/klipsi + A4 tarra-arkki"},"content":{"rendered":"<p>Konferenssin osallistujat, yritysten vierailijat, henkil\u00f6kunta messuilla, myym\u00e4l\u00f6iss\u00e4, palveluammatit ja myyj\u00e4t - listaa voi laajentaa sinne, miss\u00e4 tarvitaan erikokoisia, -mallisia ja kiinnitysvaihtoehtoja nimilappuja. T\u00e4ydellinen sarja klassisella yksinkertaisella nimikilvell\u00e4, joka sopii k\u00e4yntikorteille 54x90mm. Yhdistelm\u00e4puristin antaa sinulle mahdollisuuden valita, kuinka kyltti kiinnitet\u00e4\u00e4n. Peukalokahva helpottaa kortin irrottamista. Pakkaukseen sis\u00e4ltyy 3 A4-arkkia valkoisilla tarroilla tulostimella tulostamista varten. Lis\u00e4\u00e4 tarroja A4-arkeille voi tilata erikseen. K\u00e4yt\u00e4 ilmaista DURAPRINT\u00ae-ohjelmaa osoitteesta www.duraprint.se luodaksesi ja tulostaaksesi tyylikk\u00e4it\u00e4 nimilappuja.<br \/>\nLis\u00e4varusteet:<br \/>\nBadgemaker\u00ae-tarrat A4-arkeille tulostettaviksi tulostimella, tuotenro 145502<\/p>","protected":false},"excerpt":{"rendered":"<p>T\u00e4ydellinen sarja A4-tarra-arkkeja tulostukseen. 20 nimilappua, jotka voidaan kiinnitt\u00e4\u00e4 hakaneulalla tai pidikkeell\u00e4. K\u00e4yntikorttien vakiomuoto on 54x90 mm. <\/p>","protected":false},"featured_media":133603,"template":"","meta":{"_acf_changed":false},"product_brand":[],"product_cat":[4275],"product_tag":[],"class_list":{"0":"post-115428","1":"product","2":"type-product","3":"status-publish","4":"has-post-thumbnail","6":"product_cat-namnskyltar-kompletta-set","7":"product_shipping_class-tunga-paket","8":"pa_brands-durable","9":"tm-no-options","11":"first","12":"instock","13":"sale","14":"taxable","15":"shipping-taxable","16":"purchasable","17":"product-type-simple"},"acf":[],"_links":{"self":[{"href":"https:\/\/secureus.se\/fi\/wp-json\/wp\/v2\/product\/115428","targetHints":{"allow":["GET"]}}],"collection":[{"href":"https:\/\/secureus.se\/fi\/wp-json\/wp\/v2\/product"}],"about":[{"href":"https:\/\/secureus.se\/fi\/wp-json\/wp\/v2\/types\/product"}],"wp:featuredmedia":[{"embeddable":true,"href":"https:\/\/secureus.se\/fi\/wp-json\/wp\/v2\/media\/133603"}],"wp:attachment":[{"href":"https:\/\/secureus.se\/fi\/wp-json\/wp\/v2\/media?parent=115428"}],"wp:term":[{"taxonomy":"product_brand","embeddable":true,"href":"https:\/\/secureus.se\/fi\/wp-json\/wp\/v2\/product_brand?post=115428"},{"taxonomy":"product_cat","embeddable":true,"href":"https:\/\/secureus.se\/fi\/wp-json\/wp\/v2\/product_cat?post=115428"},{"taxonomy":"product_tag","embeddable":true,"href":"https:\/\/secureus.se\/fi\/wp-json\/wp\/v2\/product_tag?post=115428"}],"curies":[{"name":"wp","href":"https:\/\/api.w.org\/{rel}","templated":true}]}}