{"id":115474,"date":"2024-11-20T13:57:46","date_gmt":"2024-11-20T12:57:46","guid":{"rendered":"https:\/\/secureus.se\/?post_type=product&#038;p=115474"},"modified":"2026-01-12T12:24:02","modified_gmt":"2026-01-12T11:24:02","slug":"dorrskylt-info-sign-149x105-a6","status":"publish","type":"product","link":"https:\/\/secureus.se\/fi\/dorrskylt-info-sign-149x105-a6\/","title":{"rendered":"Ovikyltti INFO SIGN 149\u00d7105 (A6)"},"content":{"rendered":"<p>Tyylikk\u00e4\u00e4t erimuotoiset ovi- ja sein\u00e4kyltit auttavat vierailijaa orientoitumaan ja kertomaan kuka, mik\u00e4 osasto, toiminto tai kokoustila miss\u00e4kin tiloissa sijaitsee. INFO SIGN -kylttisarjassa on alumiiniset taka- ja reunalistat. Valkoinen tekstiarkki on suojassa heijastamattoman etupaneelin takana, joka liukuu reunaliuskoille ja pysyy paikallaan kahdella mustalla kiinnikkeell\u00e4. Mukana malli reikien poraamiseen, asennusohjeet, valkoinen v\u00e4lilevy, ruuvi, tulppa ja kiinnitystyynyt. Suunnittele t\u00e4m\u00e4 vaakasuuntainen A6-kyltti (149\u00d7105) k\u00e4ytt\u00e4m\u00e4ll\u00e4 ilmaista DURAPRINT\u00ae-ohjelmaa, joka on saatavilla osoitteessa www.duraprint.se. Tulosta A4-arkeille 2 tarraa per arkki, jotka tilataan erikseen.<br \/>\nTarvikkeet: A4-arkki tulostamiseen lasertulostimella, tuotenumero 485102. <\/p>","protected":false},"excerpt":{"rendered":"<p>Tyylik\u00e4s ovikyltti vaakasuunnassa A6, 149x105mm. Valmistettu alumiinista, heijastamaton etupaneeli akryylimuovista.<\/p>","protected":false},"featured_media":134738,"template":"","meta":{"_acf_changed":false},"product_brand":[],"product_cat":[4265,4206],"product_tag":[4382],"class_list":{"0":"post-115474","1":"product","2":"type-product","3":"status-publish","4":"has-post-thumbnail","6":"product_cat-dorrskyltar-i-alumunium","7":"product_cat-kontor-lager","8":"product_tag-silver","9":"product_shipping_class-tunga-paket","10":"pa_brands-durable","11":"pa_farg-silver","12":"tm-no-options","14":"first","15":"instock","16":"sale","17":"taxable","18":"shipping-taxable","19":"purchasable","20":"product-type-simple"},"acf":[],"_links":{"self":[{"href":"https:\/\/secureus.se\/fi\/wp-json\/wp\/v2\/product\/115474","targetHints":{"allow":["GET"]}}],"collection":[{"href":"https:\/\/secureus.se\/fi\/wp-json\/wp\/v2\/product"}],"about":[{"href":"https:\/\/secureus.se\/fi\/wp-json\/wp\/v2\/types\/product"}],"wp:featuredmedia":[{"embeddable":true,"href":"https:\/\/secureus.se\/fi\/wp-json\/wp\/v2\/media\/134738"}],"wp:attachment":[{"href":"https:\/\/secureus.se\/fi\/wp-json\/wp\/v2\/media?parent=115474"}],"wp:term":[{"taxonomy":"product_brand","embeddable":true,"href":"https:\/\/secureus.se\/fi\/wp-json\/wp\/v2\/product_brand?post=115474"},{"taxonomy":"product_cat","embeddable":true,"href":"https:\/\/secureus.se\/fi\/wp-json\/wp\/v2\/product_cat?post=115474"},{"taxonomy":"product_tag","embeddable":true,"href":"https:\/\/secureus.se\/fi\/wp-json\/wp\/v2\/product_tag?post=115474"}],"curies":[{"name":"wp","href":"https:\/\/api.w.org\/{rel}","templated":true}]}}