{"id":115475,"date":"2024-11-20T14:14:58","date_gmt":"2024-11-20T13:14:58","guid":{"rendered":"https:\/\/secureus.se\/?post_type=product&#038;p=115475"},"modified":"2026-01-12T12:05:54","modified_gmt":"2026-01-12T11:05:54","slug":"plastficka-a4l-med-tradbygel","status":"publish","type":"product","link":"https:\/\/secureus.se\/fi\/plastficka-a4l-med-tradbygel\/","title":{"rendered":"Muovitasku A4L lankapidikkeell\u00e4"},"content":{"rendered":"<p>Konttien, lavakaulusten, lavalaatikoiden ja verkkoseinien selke\u00e4 ja ytimek\u00e4s merkint\u00e4 parantaa ja virtaviivaistaa ty\u00f6prosessia varastoissa ja tuotantotiloissa. Kest\u00e4v\u00e4st\u00e4 polypropeenista valmistetut muovitaskut voidaan lukea skannerilla. Suojus tarkoittaa, ett\u00e4 inlay on suojattu lialta ja kosteudelta my\u00f6s ulkona. Kiinnitet\u00e4\u00e4n galvanoidulla joustavalla lankapidikkeell\u00e4. Ilmainen malli etikettiin on saatavilla osoitteessa www.duraprint.se..<br \/>\nSis\u00e4mitat: A4L (297\u00d7210 mm L x K)<br \/>\nUlkomitat: 311 x 280 mm (L x K)<br \/>\nUlkomitat ter\u00e4slangalla: 329\u00d7288 mm (L x K)<br \/>\nTarvikkeet: Tarrat A4-arkeille, art. nro 485602<\/p>","protected":false},"excerpt":{"rendered":"<p>Muovinen tasku lankaripustimella k\u00e4ytett\u00e4v\u00e4ksi esim. verkoissa, lavakauluksissa, lavalaatikoissa. Suojakuori aukon p\u00e4\u00e4ll\u00e4.<\/p>","protected":false},"featured_media":133878,"template":"","meta":{"_acf_changed":false},"product_brand":[],"product_cat":[4306],"product_tag":[4395],"class_list":{"0":"post-115475","1":"product","2":"type-product","3":"status-publish","4":"has-post-thumbnail","6":"product_cat-markning-pallstall","7":"product_tag-gul","8":"product_shipping_class-tunga-paket","9":"pa_brands-durable","10":"pa_farg-gul","11":"tm-no-options","13":"first","14":"instock","15":"sale","16":"taxable","17":"shipping-taxable","18":"purchasable","19":"product-type-simple"},"acf":[],"_links":{"self":[{"href":"https:\/\/secureus.se\/fi\/wp-json\/wp\/v2\/product\/115475","targetHints":{"allow":["GET"]}}],"collection":[{"href":"https:\/\/secureus.se\/fi\/wp-json\/wp\/v2\/product"}],"about":[{"href":"https:\/\/secureus.se\/fi\/wp-json\/wp\/v2\/types\/product"}],"wp:featuredmedia":[{"embeddable":true,"href":"https:\/\/secureus.se\/fi\/wp-json\/wp\/v2\/media\/133878"}],"wp:attachment":[{"href":"https:\/\/secureus.se\/fi\/wp-json\/wp\/v2\/media?parent=115475"}],"wp:term":[{"taxonomy":"product_brand","embeddable":true,"href":"https:\/\/secureus.se\/fi\/wp-json\/wp\/v2\/product_brand?post=115475"},{"taxonomy":"product_cat","embeddable":true,"href":"https:\/\/secureus.se\/fi\/wp-json\/wp\/v2\/product_cat?post=115475"},{"taxonomy":"product_tag","embeddable":true,"href":"https:\/\/secureus.se\/fi\/wp-json\/wp\/v2\/product_tag?post=115475"}],"curies":[{"name":"wp","href":"https:\/\/api.w.org\/{rel}","templated":true}]}}