{"id":115505,"date":"2024-11-20T13:56:48","date_gmt":"2024-11-20T12:56:48","guid":{"rendered":"https:\/\/secureus.se\/?post_type=product&#038;p=115505"},"modified":"2026-01-12T12:29:35","modified_gmt":"2026-01-12T11:29:35","slug":"infoficka-a3-statiskt-vidhaftning-5-pack","status":"publish","type":"product","link":"https:\/\/secureus.se\/fi\/infoficka-a3-statiskt-vidhaftning-5-pack\/","title":{"rendered":"Infotasku A3 staattinen tartunta 5 kpl"},"content":{"rendered":"<p>K\u00e4yt\u00e4 tietotaskua tarjouksiin, mainoksiin ja tietoihin, jotka on sijoitettu lasitiskien, n\u00e4yteikkunan tai auton ikkunoiden sis\u00e4puolelle. Tasku kiinnittyy staattisesti hyvin puhdistettuihin, sileisiin lasipintoihin \u2013 jopa kaareviin \u2013 eik\u00e4 j\u00e4t\u00e4 j\u00e4lki\u00e4 poistettaessa. L\u00e4mm\u00f6nkest\u00e4v\u00e4 70\u00b0 asti ja UV-kest\u00e4v\u00e4 jopa 2 vuotta. Taskun keskell\u00e4 oleva pitk\u00e4nomainen reik\u00e4 helpottaa asiakirjojen asettamista tai vaihtamista. Voidaan k\u00e4ytt\u00e4\u00e4 useita kertoja pysty- tai vaaka-muodossa.<br \/>\nA3-kokoisille asiakirjoille, sis\u00e4mitat 303\u00d7430 mm. Ulkomitat 323\u00d7236 mm.<br \/>\nPakkauksessa 5 kpl.<\/p>","protected":false},"excerpt":{"rendered":"<p>Infotasku sis\u00e4lasipinnoille - my\u00f6s kaarevat, esim. auton ikkunat<\/p>","protected":false},"featured_media":135129,"template":"","meta":{"_acf_changed":false},"product_brand":[],"product_cat":[4294],"product_tag":[4394],"class_list":{"0":"post-115505","1":"product","2":"type-product","3":"status-publish","4":"has-post-thumbnail","6":"product_cat-inforamar-for-solexponerade-ytor","7":"product_tag-antracitgra","8":"product_shipping_class-tunga-paket","9":"pa_brands-durable","10":"pa_farg-antracitgra","11":"tm-no-options","13":"first","14":"instock","15":"sale","16":"taxable","17":"shipping-taxable","18":"purchasable","19":"product-type-simple"},"acf":[],"_links":{"self":[{"href":"https:\/\/secureus.se\/fi\/wp-json\/wp\/v2\/product\/115505","targetHints":{"allow":["GET"]}}],"collection":[{"href":"https:\/\/secureus.se\/fi\/wp-json\/wp\/v2\/product"}],"about":[{"href":"https:\/\/secureus.se\/fi\/wp-json\/wp\/v2\/types\/product"}],"wp:featuredmedia":[{"embeddable":true,"href":"https:\/\/secureus.se\/fi\/wp-json\/wp\/v2\/media\/135129"}],"wp:attachment":[{"href":"https:\/\/secureus.se\/fi\/wp-json\/wp\/v2\/media?parent=115505"}],"wp:term":[{"taxonomy":"product_brand","embeddable":true,"href":"https:\/\/secureus.se\/fi\/wp-json\/wp\/v2\/product_brand?post=115505"},{"taxonomy":"product_cat","embeddable":true,"href":"https:\/\/secureus.se\/fi\/wp-json\/wp\/v2\/product_cat?post=115505"},{"taxonomy":"product_tag","embeddable":true,"href":"https:\/\/secureus.se\/fi\/wp-json\/wp\/v2\/product_tag?post=115505"}],"curies":[{"name":"wp","href":"https:\/\/api.w.org\/{rel}","templated":true}]}}