{"id":115506,"date":"2024-11-20T14:12:51","date_gmt":"2024-11-20T13:12:51","guid":{"rendered":"https:\/\/secureus.se\/?post_type=product&#038;p=115506"},"modified":"2026-01-12T12:48:34","modified_gmt":"2026-01-12T11:48:34","slug":"namnskylt-60x90-utan-faste-2","status":"publish","type":"product","link":"https:\/\/secureus.se\/fi\/namnskylt-60x90-utan-faste-2\/","title":{"rendered":"Nimikilpi 60\u00d790 ilman kiinnikett\u00e4"},"content":{"rendered":"<p>Konferenssin osallistujat, yritysten vierailijat, henkil\u00f6kunta messuilla, myym\u00e4l\u00f6iss\u00e4, palveluammatit ja myyj\u00e4t - listaa voi laajentaa sinne, miss\u00e4 tarvitaan erikokoisia, -mallisia ja -kiinnitysvaihtoehtoja. Valitse itse, kuinka haluat yhdist\u00e4\u00e4 t\u00e4m\u00e4n vaakamuotoisen nimikilven 60x90mm - tekstiilikaulakorulla, henkselit klipsill\u00e4 tai ulosvedett\u00e4v\u00e4ll\u00e4 jojo-kiinnikkeell\u00e4. Leikattu etuosa helpottaa, jos kortti on vaihdettava suhteellisen usein. Mukana tulevat valkoiset etiketit nauhana. Tarrat A4-arkeille tulostettaviksi tulostimiin voidaan tilata erikseen. K\u00e4yt\u00e4 ilmaista DURAPRINT\u00ae-ohjelmaa osoitteesta www.duraprint.se luodaksesi ja tulostaaksesi tyylikk\u00e4it\u00e4 nimitarroja.<br \/>\nLis\u00e4varusteet:<br \/>\nBadgemaker\u00ae-tarrat A4-arkeille tulostettaviksi tulostimella, tuotenro 145602<\/p>","protected":false},"excerpt":{"rendered":"<p>Vaakasuuntainen nimikilpi 60x90mm, leikattu etuosa helpottaa kortin vaihtoa. Yhdist\u00e4 valitsemaasi lis\u00e4laitteeseen: kaulakoru, klipsi tai jatkettava jojo. 20 kpl\/laatikko<\/p>","protected":false},"featured_media":133588,"template":"","meta":{"_acf_changed":false},"product_brand":[],"product_cat":[4273],"product_tag":[4376],"class_list":{"0":"post-115506","1":"product","2":"type-product","3":"status-publish","4":"has-post-thumbnail","6":"product_cat-namnskyltar-utan-faste","7":"product_tag-transparent","8":"product_shipping_class-tunga-paket","9":"pa_brands-durable","10":"pa_farg-transparent","11":"tm-no-options","13":"first","14":"instock","15":"sale","16":"taxable","17":"shipping-taxable","18":"purchasable","19":"product-type-simple"},"acf":[],"_links":{"self":[{"href":"https:\/\/secureus.se\/fi\/wp-json\/wp\/v2\/product\/115506","targetHints":{"allow":["GET"]}}],"collection":[{"href":"https:\/\/secureus.se\/fi\/wp-json\/wp\/v2\/product"}],"about":[{"href":"https:\/\/secureus.se\/fi\/wp-json\/wp\/v2\/types\/product"}],"wp:featuredmedia":[{"embeddable":true,"href":"https:\/\/secureus.se\/fi\/wp-json\/wp\/v2\/media\/133588"}],"wp:attachment":[{"href":"https:\/\/secureus.se\/fi\/wp-json\/wp\/v2\/media?parent=115506"}],"wp:term":[{"taxonomy":"product_brand","embeddable":true,"href":"https:\/\/secureus.se\/fi\/wp-json\/wp\/v2\/product_brand?post=115506"},{"taxonomy":"product_cat","embeddable":true,"href":"https:\/\/secureus.se\/fi\/wp-json\/wp\/v2\/product_cat?post=115506"},{"taxonomy":"product_tag","embeddable":true,"href":"https:\/\/secureus.se\/fi\/wp-json\/wp\/v2\/product_tag?post=115506"}],"curies":[{"name":"wp","href":"https:\/\/api.w.org\/{rel}","templated":true}]}}