{"id":115542,"date":"2024-11-20T14:16:43","date_gmt":"2024-11-20T13:16:43","guid":{"rendered":"https:\/\/secureus.se\/?post_type=product&#038;p=115542"},"modified":"2026-01-12T12:05:36","modified_gmt":"2026-01-12T11:05:36","slug":"plastficka-plus-a5l-extra-stark-magnet","status":"publish","type":"product","link":"https:\/\/secureus.se\/fi\/plastficka-plus-a5l-extra-stark-magnet\/","title":{"rendered":"Muovinen tasku Plus A5L eritt\u00e4in vahva magneetti"},"content":{"rendered":"<p>Selke\u00e4t ja kattavat palkkien, hyllyjen, ovien, konttien ja muiden tilojen merkinn\u00e4t parantavat ja virtaviivaistavat ty\u00f6prosessia varastoissa ja tuotantotiloissa. Kest\u00e4v\u00e4st\u00e4 polypropeenista valmistetut magneettiset muovitaskut ovat luettavissa skannerilla ja suojaavat vaihdettavia sis\u00e4osia lialta. Kaksi neodyymimagneettia vahvalla tarttumisvoimalla pit\u00e4v\u00e4t taskun tukevasti paikallaan. Ilmainen malli etikettiin on saatavilla osoitteessa www.duraprint.se.<br \/>\nSis\u00e4mitat: A5L (210\u00d7148 mm L x K)<br \/>\nUlkomitat: 223 \u00d7 218 mm (L x K)<br \/>\nTarvikkeet: Tarrat A4-arkeille, art. nro 485502<\/p>","protected":false},"excerpt":{"rendered":"<p>Muovitasku kahdella eritt\u00e4in vahvalla neodyymimagneetilla. K\u00e4ytet\u00e4\u00e4n metallipinnoilla, kuten s\u00e4ilytyshyllyill\u00e4, palkkeilla ja metallis\u00e4ili\u00f6ill\u00e4.<\/p>","protected":false},"featured_media":133569,"template":"","meta":{"_acf_changed":false},"product_brand":[],"product_cat":[4306],"product_tag":[4387],"class_list":{"0":"post-115542","1":"product","2":"type-product","3":"status-publish","4":"has-post-thumbnail","6":"product_cat-markning-pallstall","7":"product_tag-bla","8":"product_shipping_class-tunga-paket","9":"pa_brands-durable","10":"pa_farg-bla","11":"tm-no-options","13":"first","14":"instock","15":"sale","16":"taxable","17":"shipping-taxable","18":"purchasable","19":"product-type-simple"},"acf":[],"_links":{"self":[{"href":"https:\/\/secureus.se\/fi\/wp-json\/wp\/v2\/product\/115542","targetHints":{"allow":["GET"]}}],"collection":[{"href":"https:\/\/secureus.se\/fi\/wp-json\/wp\/v2\/product"}],"about":[{"href":"https:\/\/secureus.se\/fi\/wp-json\/wp\/v2\/types\/product"}],"wp:featuredmedia":[{"embeddable":true,"href":"https:\/\/secureus.se\/fi\/wp-json\/wp\/v2\/media\/133569"}],"wp:attachment":[{"href":"https:\/\/secureus.se\/fi\/wp-json\/wp\/v2\/media?parent=115542"}],"wp:term":[{"taxonomy":"product_brand","embeddable":true,"href":"https:\/\/secureus.se\/fi\/wp-json\/wp\/v2\/product_brand?post=115542"},{"taxonomy":"product_cat","embeddable":true,"href":"https:\/\/secureus.se\/fi\/wp-json\/wp\/v2\/product_cat?post=115542"},{"taxonomy":"product_tag","embeddable":true,"href":"https:\/\/secureus.se\/fi\/wp-json\/wp\/v2\/product_tag?post=115542"}],"curies":[{"name":"wp","href":"https:\/\/api.w.org\/{rel}","templated":true}]}}