{"id":115560,"date":"2024-11-20T14:13:38","date_gmt":"2024-11-20T13:13:38","guid":{"rendered":"https:\/\/secureus.se\/?post_type=product&#038;p=115560"},"modified":"2026-01-12T12:50:54","modified_gmt":"2026-01-12T11:50:54","slug":"namnskylt-badgefix-46x105-sjalvhaftande","status":"publish","type":"product","link":"https:\/\/secureus.se\/fi\/namnskylt-badgefix-46x105-sjalvhaftande\/","title":{"rendered":"Tyyppikilpi BADGEFIX 46\u00d7105, itseliimautuva"},"content":{"rendered":"<p>Konferenssin osallistujat, yritysten vierailijat, henkil\u00f6kunta messuilla, myym\u00e4l\u00f6iss\u00e4, palveluammatit ja myyj\u00e4t - listaa voi laajentaa sinne, miss\u00e4 tarvitaan erikokoisia, -mallisia ja kiinnitysvaihtoehtoja nimilappuja. T\u00e4m\u00e4 asetaattisilkist\u00e4 valmistettu itseliimautuva nimilappu, jonka koko on 46\u00d7105 mm, on eritt\u00e4in leve\u00e4 ja siin\u00e4 on runsaasti tilaa nimelle ja logolle. Helpottaa ihmisten et\u00e4isyyden pit\u00e4mist\u00e4, sill\u00e4 luettavuus on hyv\u00e4 my\u00f6s kaukaa k\u00e4sin. K\u00e4yt\u00e4 ilmaista DURAPRINT\u00ae-ohjelmaa osoitteesta www.duraprint.se luodaksesi ja tulostaaksesi tyylikk\u00e4it\u00e4 nimilappuja. Ei suositella silkille, mokkanahkalle, nahalle ja muille herkille materiaaleille. 20 arkkia = 240 nimilappua pakkauksessa.<\/p>","protected":false},"excerpt":{"rendered":"<p>Itseliimautuva nimikyltti asetaattisilkist\u00e4 46\u00d7105 mm tulostettaville A4-arkeille. Eritt\u00e4in leve\u00e4 takaa hyv\u00e4n luettavuuden kaukaa.<\/p>","protected":false},"featured_media":133702,"template":"","meta":{"_acf_changed":false},"product_brand":[],"product_cat":[4275,4274],"product_tag":[4396],"class_list":{"0":"post-115560","1":"product","2":"type-product","3":"status-publish","4":"has-post-thumbnail","6":"product_cat-namnskyltar-kompletta-set","7":"product_cat-namnskyltar-sjalvhaftande","8":"product_tag-vit","9":"product_shipping_class-tunga-paket","10":"pa_brands-durable","11":"pa_farg-vit","12":"tm-no-options","14":"first","15":"instock","16":"sale","17":"taxable","18":"shipping-taxable","19":"purchasable","20":"product-type-simple"},"acf":[],"_links":{"self":[{"href":"https:\/\/secureus.se\/fi\/wp-json\/wp\/v2\/product\/115560","targetHints":{"allow":["GET"]}}],"collection":[{"href":"https:\/\/secureus.se\/fi\/wp-json\/wp\/v2\/product"}],"about":[{"href":"https:\/\/secureus.se\/fi\/wp-json\/wp\/v2\/types\/product"}],"wp:featuredmedia":[{"embeddable":true,"href":"https:\/\/secureus.se\/fi\/wp-json\/wp\/v2\/media\/133702"}],"wp:attachment":[{"href":"https:\/\/secureus.se\/fi\/wp-json\/wp\/v2\/media?parent=115560"}],"wp:term":[{"taxonomy":"product_brand","embeddable":true,"href":"https:\/\/secureus.se\/fi\/wp-json\/wp\/v2\/product_brand?post=115560"},{"taxonomy":"product_cat","embeddable":true,"href":"https:\/\/secureus.se\/fi\/wp-json\/wp\/v2\/product_cat?post=115560"},{"taxonomy":"product_tag","embeddable":true,"href":"https:\/\/secureus.se\/fi\/wp-json\/wp\/v2\/product_tag?post=115560"}],"curies":[{"name":"wp","href":"https:\/\/api.w.org\/{rel}","templated":true}]}}