{"id":115573,"date":"2024-12-07T15:21:13","date_gmt":"2024-12-07T14:21:13","guid":{"rendered":"https:\/\/secureus.se\/?post_type=product&#038;p=115573"},"modified":"2026-03-11T14:42:24","modified_gmt":"2026-03-11T13:42:24","slug":"nyckelskap-key-box-54-med-cylinderlas","status":"publish","type":"product","link":"https:\/\/secureus.se\/fi\/nyckelskap-key-box-54-med-cylinderlas\/","title":{"rendered":"Avainkaappi KEY BOX 54 sylinterilukolla"},"content":{"rendered":"<p>Avainkaapin ansiosta avaimille on luonnollinen paikka ker\u00e4t\u00e4 ja s\u00e4ilytt\u00e4\u00e4 niit\u00e4, mik\u00e4 luo paremman j\u00e4rjestyksen ja turvallisuuden. Durablen KEY BOX -sarjan erilaiset avainkaapit on valmistettu alumiinista, ja oven sis\u00e4puolella on selke\u00e4 sis\u00e4lt\u00f6luettelo. Avainlaput on erityisesti suunniteltu ripustettavaksi avainliuskaan kahden koukun v\u00e4liin, jolloin merkint\u00e4 on selv\u00e4sti n\u00e4kyviss\u00e4 ja avain roikkuu avainlapun takana. Mukana on kuusi avainlappua punaisena, keltaisena, sinisen\u00e4 ja mustana sek\u00e4 ruuvit ja tulpat kiinnityst\u00e4 varten. Avainlappujen ja avainlistan etikettien tulostusmallit voi ladata osoitteesta https:\/\/www.durable.se\/service\/ladda-ner\/mallar.html. T\u00e4ss\u00e4 avainkaapissa on sylinterilukko, jossa on kaksi avainta ja tilaa 54 avaimelle. Mitat: K x L x S 28x30x12cm<br \/>\nLis\u00e4varusteet: Lis\u00e4avainlappuja tuotenumero 1957 eri v\u00e4reiss\u00e4.<\/p>","protected":false},"excerpt":{"rendered":"<p>Alumiininen avainkaappi 54 avaimen s\u00e4ilytykseen.<\/p>","protected":false},"featured_media":135305,"template":"","meta":{"_acf_changed":false},"product_brand":[],"product_cat":[1932],"product_tag":[4382],"class_list":{"0":"post-115573","1":"product","2":"type-product","3":"status-publish","4":"has-post-thumbnail","6":"product_cat-nyckelgomma-nyckelbox","7":"product_tag-silver","8":"product_shipping_class-tunga-paket","9":"pa_brands-durable","10":"pa_farg-silver","11":"tm-no-options","13":"first","14":"instock","15":"sale","16":"taxable","17":"shipping-taxable","18":"purchasable","19":"product-type-simple"},"acf":[],"_links":{"self":[{"href":"https:\/\/secureus.se\/fi\/wp-json\/wp\/v2\/product\/115573","targetHints":{"allow":["GET"]}}],"collection":[{"href":"https:\/\/secureus.se\/fi\/wp-json\/wp\/v2\/product"}],"about":[{"href":"https:\/\/secureus.se\/fi\/wp-json\/wp\/v2\/types\/product"}],"wp:featuredmedia":[{"embeddable":true,"href":"https:\/\/secureus.se\/fi\/wp-json\/wp\/v2\/media\/135305"}],"wp:attachment":[{"href":"https:\/\/secureus.se\/fi\/wp-json\/wp\/v2\/media?parent=115573"}],"wp:term":[{"taxonomy":"product_brand","embeddable":true,"href":"https:\/\/secureus.se\/fi\/wp-json\/wp\/v2\/product_brand?post=115573"},{"taxonomy":"product_cat","embeddable":true,"href":"https:\/\/secureus.se\/fi\/wp-json\/wp\/v2\/product_cat?post=115573"},{"taxonomy":"product_tag","embeddable":true,"href":"https:\/\/secureus.se\/fi\/wp-json\/wp\/v2\/product_tag?post=115573"}],"curies":[{"name":"wp","href":"https:\/\/api.w.org\/{rel}","templated":true}]}}