{"id":115576,"date":"2024-12-07T15:21:15","date_gmt":"2024-12-07T14:21:15","guid":{"rendered":"https:\/\/secureus.se\/?post_type=product&#038;p=115576"},"modified":"2026-01-12T12:29:21","modified_gmt":"2026-01-12T11:29:21","slug":"plastficka-vattentalig-a3-sjalvhaftande","status":"publish","type":"product","link":"https:\/\/secureus.se\/fi\/plastficka-vattentalig-a3-sjalvhaftande\/","title":{"rendered":"Muovinen tasku vedenpit\u00e4v\u00e4 A3 itseliimautuva"},"content":{"rendered":"<p>Veden- ja vedenpit\u00e4v\u00e4t, s\u00e4\u00e4n- ja naarmuuntumattomat, UV-suojatut ja heijastamattomat muovitaskut tiedoille sateelle, kosteudelle, roiskeille ja lialle altistuvissa ymp\u00e4rist\u00f6iss\u00e4, esim. allasalueet, saunatilat, tee-se-itse-hallit ja puutarhakaupat. Pest\u00e4v\u00e4 ja desinfioitavissa. Kyltti\/tiedot voidaan tehd\u00e4 ilmaisohjelmasta duraprint l\u00f6ytyvill\u00e4 malleilla. Muovitaskuja voi k\u00e4ytt\u00e4\u00e4 pysty- tai vaakasuunnassa, mukana tulee 2 160g\/m2 A3-arkkia. Kiinnittyy puhtaisiin, sileisiin, kiinteisiin ja kuiviin pintoihin kuudella mukana toimitetulla itseliimautuvalla tyynyll\u00e4, jotka voidaan poistaa j\u00e4tt\u00e4m\u00e4tt\u00e4 liimaj\u00e4\u00e4mi\u00e4. 5 kpl pussissa. <\/p>","protected":false},"excerpt":{"rendered":"<p>Vedenpit\u00e4v\u00e4 muovitasku tiedoille ulkona ja kosteissa sis\u00e4tiloissa. Itsekiinnittyv\u00e4 ja irrotettava.<\/p>","protected":false},"featured_media":135495,"template":"","meta":{"_acf_changed":false},"product_brand":[],"product_cat":[4306],"product_tag":[4376],"class_list":{"0":"post-115576","1":"product","2":"type-product","3":"status-publish","4":"has-post-thumbnail","6":"product_cat-markning-pallstall","7":"product_tag-transparent","8":"product_shipping_class-tunga-paket","9":"pa_brands-durable","10":"pa_farg-transparent","11":"tm-no-options","13":"first","14":"instock","15":"sale","16":"taxable","17":"shipping-taxable","18":"purchasable","19":"product-type-simple"},"acf":[],"_links":{"self":[{"href":"https:\/\/secureus.se\/fi\/wp-json\/wp\/v2\/product\/115576","targetHints":{"allow":["GET"]}}],"collection":[{"href":"https:\/\/secureus.se\/fi\/wp-json\/wp\/v2\/product"}],"about":[{"href":"https:\/\/secureus.se\/fi\/wp-json\/wp\/v2\/types\/product"}],"wp:featuredmedia":[{"embeddable":true,"href":"https:\/\/secureus.se\/fi\/wp-json\/wp\/v2\/media\/135495"}],"wp:attachment":[{"href":"https:\/\/secureus.se\/fi\/wp-json\/wp\/v2\/media?parent=115576"}],"wp:term":[{"taxonomy":"product_brand","embeddable":true,"href":"https:\/\/secureus.se\/fi\/wp-json\/wp\/v2\/product_brand?post=115576"},{"taxonomy":"product_cat","embeddable":true,"href":"https:\/\/secureus.se\/fi\/wp-json\/wp\/v2\/product_cat?post=115576"},{"taxonomy":"product_tag","embeddable":true,"href":"https:\/\/secureus.se\/fi\/wp-json\/wp\/v2\/product_tag?post=115576"}],"curies":[{"name":"wp","href":"https:\/\/api.w.org\/{rel}","templated":true}]}}