{"id":115588,"date":"2024-12-07T15:21:13","date_gmt":"2024-12-07T14:21:13","guid":{"rendered":"https:\/\/secureus.se\/?post_type=product&#038;p=115588"},"modified":"2026-01-12T12:10:42","modified_gmt":"2026-01-12T11:10:42","slug":"nyckelskap-key-box-code-48-med-kombinationslas","status":"publish","type":"product","link":"https:\/\/secureus.se\/fi\/nyckelskap-key-box-code-48-med-kombinationslas\/","title":{"rendered":"Avainkaappi KEY BOX CODE 48 yhdistelm\u00e4lukolla"},"content":{"rendered":"<p>Avainkaapin avulla avaimet ker\u00e4t\u00e4\u00e4n ja s\u00e4ilytet\u00e4\u00e4n luonnollisesti, mik\u00e4 luo parempaa j\u00e4rjestyst\u00e4 ja turvallisuutta. Durablen designsarjan KEY BOX eri avainkaapeineen on valmistettu alumiinista ja oven sis\u00e4puolella on selke\u00e4 sis\u00e4lt\u00f6luettelo. Avainlapat on suunniteltu erityisesti ripustettavaksi avainliuskan kahden koukun v\u00e4liin, jolloin merkint\u00e4 on selv\u00e4sti n\u00e4kyviss\u00e4 ja avain roikkuu avainlipun takana. Mukana tulee sarja, joka sis\u00e4lt\u00e4\u00e4 6 avainlappua punaisena, keltaisena, sinisen\u00e4 ja mustana sek\u00e4 ruuvit ja tulpat asennusta varten. Mallit avaimenper\u00e4n ja avainluettelon tarrojen tulostamista varten ovat ladattavissa osoitteesta https:\/\/www.durable.se\/service\/ladda-ner\/mallar.html. T\u00e4ss\u00e4 avainkaapissa on koodilukko, jossa on mahdollisuus valita jopa 1000 koodiyhdistelm\u00e4\u00e4 ja tilaa 48 avaimelle. Etun\u00e4pp\u00e4imist\u00f6\u00f6n voidaan lis\u00e4t\u00e4 useampia n\u00e4pp\u00e4inliuskoja takaosassa, jotta siihen mahtuu enemm\u00e4n n\u00e4pp\u00e4imi\u00e4. Mitat: 40x30x12cm KxLxS<br \/>\nLis\u00e4varusteet: Lis\u00e4avainlappuja tuotenumero 1957 eri v\u00e4reiss\u00e4. <\/p>","protected":false},"excerpt":{"rendered":"<p>Alumiininen avainkaappi 48 avaimen s\u00e4ilytykseen. Koodilukolla.<\/p>","protected":false},"featured_media":135314,"template":"","meta":{"_acf_changed":false},"product_brand":[],"product_cat":[1932],"product_tag":[4382],"class_list":{"0":"post-115588","1":"product","2":"type-product","3":"status-publish","4":"has-post-thumbnail","6":"product_cat-nyckelgomma-nyckelbox","7":"product_tag-silver","8":"product_shipping_class-tunga-paket","9":"pa_brands-durable","10":"pa_farg-silver","11":"tm-no-options","13":"first","14":"instock","15":"sale","16":"taxable","17":"shipping-taxable","18":"purchasable","19":"product-type-simple"},"acf":[],"_links":{"self":[{"href":"https:\/\/secureus.se\/fi\/wp-json\/wp\/v2\/product\/115588","targetHints":{"allow":["GET"]}}],"collection":[{"href":"https:\/\/secureus.se\/fi\/wp-json\/wp\/v2\/product"}],"about":[{"href":"https:\/\/secureus.se\/fi\/wp-json\/wp\/v2\/types\/product"}],"wp:featuredmedia":[{"embeddable":true,"href":"https:\/\/secureus.se\/fi\/wp-json\/wp\/v2\/media\/135314"}],"wp:attachment":[{"href":"https:\/\/secureus.se\/fi\/wp-json\/wp\/v2\/media?parent=115588"}],"wp:term":[{"taxonomy":"product_brand","embeddable":true,"href":"https:\/\/secureus.se\/fi\/wp-json\/wp\/v2\/product_brand?post=115588"},{"taxonomy":"product_cat","embeddable":true,"href":"https:\/\/secureus.se\/fi\/wp-json\/wp\/v2\/product_cat?post=115588"},{"taxonomy":"product_tag","embeddable":true,"href":"https:\/\/secureus.se\/fi\/wp-json\/wp\/v2\/product_tag?post=115588"}],"curies":[{"name":"wp","href":"https:\/\/api.w.org\/{rel}","templated":true}]}}