{"id":115607,"date":"2024-11-20T14:14:36","date_gmt":"2024-11-20T13:14:36","guid":{"rendered":"https:\/\/secureus.se\/?post_type=product&#038;p=115607"},"modified":"2026-01-12T12:51:52","modified_gmt":"2026-01-12T11:51:52","slug":"namnskylt-set-40x105-nal-klamma-a4-etikettark","status":"publish","type":"product","link":"https:\/\/secureus.se\/fi\/namnskylt-set-40x105-nal-klamma-a4-etikettark\/","title":{"rendered":"Tyyppikilpi SET 40\u00d7105, pin\/klipsi + A4 tarra-arkki"},"content":{"rendered":"<p>Konferenssin osallistujat, yritysten vierailijat, henkil\u00f6kunta messuilla, myym\u00e4l\u00f6iss\u00e4, palveluammatit ja myyj\u00e4t - listaa voi laajentaa sinne, miss\u00e4 tarvitaan erikokoisia, -mallisia ja -kiinnitysvaihtoehtoja. T\u00e4ydellinen sarja eritt\u00e4in leve\u00e4ll\u00e4 nimikilvell\u00e4 40\u00d7105 mm, jossa on runsaasti tilaa nimelle ja logolle Helpottaa ihmisten et\u00e4isyyden pit\u00e4mist\u00e4, sill\u00e4 luettavuus on hyv\u00e4 my\u00f6s kaukaa. Yhdistelm\u00e4puristin antaa sinulle mahdollisuuden valita, kuinka kyltti kiinnitet\u00e4\u00e4n. Mukana tulee 3 A4-arkkia valkoisilla tarroilla tulostamista varten laser-, mustesuihkutulostimella tai kopiokoneella. K\u00e4yt\u00e4 ilmaista DURAPRINT\u00ae-ohjelmaa osoitteesta www.duraprint.se luodaksesi ja tulostaaksesi tyylikk\u00e4it\u00e4 nimilappuja.<\/p>","protected":false},"excerpt":{"rendered":"<p>T\u00e4ydellinen sarja A4-tarra-arkkeja tulostukseen. 14 nimilappua, jotka voidaan kiinnitt\u00e4\u00e4 hakaneulalla tai pidikkeell\u00e4. Eritt\u00e4in leve\u00e4 takaa hyv\u00e4n luettavuuden pitk\u00e4lt\u00e4kin et\u00e4isyydelt\u00e4. <\/p>","protected":false},"featured_media":133559,"template":"","meta":{"_acf_changed":false},"product_brand":[],"product_cat":[4275],"product_tag":[],"class_list":{"0":"post-115607","1":"product","2":"type-product","3":"status-publish","4":"has-post-thumbnail","6":"product_cat-namnskyltar-kompletta-set","7":"product_shipping_class-tunga-paket","8":"pa_brands-durable","9":"tm-no-options","11":"first","12":"instock","13":"sale","14":"taxable","15":"shipping-taxable","16":"purchasable","17":"product-type-simple"},"acf":[],"_links":{"self":[{"href":"https:\/\/secureus.se\/fi\/wp-json\/wp\/v2\/product\/115607","targetHints":{"allow":["GET"]}}],"collection":[{"href":"https:\/\/secureus.se\/fi\/wp-json\/wp\/v2\/product"}],"about":[{"href":"https:\/\/secureus.se\/fi\/wp-json\/wp\/v2\/types\/product"}],"wp:featuredmedia":[{"embeddable":true,"href":"https:\/\/secureus.se\/fi\/wp-json\/wp\/v2\/media\/133559"}],"wp:attachment":[{"href":"https:\/\/secureus.se\/fi\/wp-json\/wp\/v2\/media?parent=115607"}],"wp:term":[{"taxonomy":"product_brand","embeddable":true,"href":"https:\/\/secureus.se\/fi\/wp-json\/wp\/v2\/product_brand?post=115607"},{"taxonomy":"product_cat","embeddable":true,"href":"https:\/\/secureus.se\/fi\/wp-json\/wp\/v2\/product_cat?post=115607"},{"taxonomy":"product_tag","embeddable":true,"href":"https:\/\/secureus.se\/fi\/wp-json\/wp\/v2\/product_tag?post=115607"}],"curies":[{"name":"wp","href":"https:\/\/api.w.org\/{rel}","templated":true}]}}