{"id":115620,"date":"2024-11-20T14:14:37","date_gmt":"2024-11-20T13:14:37","guid":{"rendered":"https:\/\/secureus.se\/?post_type=product&#038;p=115620"},"modified":"2026-01-12T12:52:52","modified_gmt":"2026-01-12T11:52:52","slug":"namnskylt-set-60x90-hangselclips-a4-etikettark-2","status":"publish","type":"product","link":"https:\/\/secureus.se\/fi\/namnskylt-set-60x90-hangselclips-a4-etikettark-2\/","title":{"rendered":"Nimikilpi SET 60\u00d790, saranapidike + A4 tarra-arkki"},"content":{"rendered":"<p>Konferenssin osallistujat, yritysten vierailijat, henkil\u00f6kunta messuilla, myym\u00e4l\u00f6iss\u00e4, palveluammatit ja myyj\u00e4t - listaa voi laajentaa sinne, miss\u00e4 tarvitaan erikokoisia, -mallisia ja kiinnitysvaihtoehtoja nimilappuja. T\u00e4ydellinen sarja vaakamuotoisen nimikilven kanssa 60x90mm, jossa on k\u00e4\u00e4ntyv\u00e4 saranapidike, joka varmistaa, ett\u00e4 levy roikkuu aina oikeassa asennossa. Leikattu etuosa helpottaa, jos kortti on vaihdettava suhteellisen usein. Pakkaukseen sis\u00e4ltyy 4 A4-arkkia valkoisilla tarroilla tulostimella tulostamista varten. Lis\u00e4\u00e4 tarroja A4-arkeille voi tilata erikseen. K\u00e4yt\u00e4 ilmaista DURAPRINT\u00ae-ohjelmaa osoitteesta www.duraprint.se luodaksesi ja tulostaaksesi tyylikk\u00e4it\u00e4 nimitarroja.<br \/>\nLis\u00e4varusteet:<br \/>\nBadgemaker\u00ae-tarrat A4-arkeille tulostettaviksi tulostimella, tuotenro 145602<\/p>","protected":false},"excerpt":{"rendered":"<p>T\u00e4ydellinen sarja A4-tarra-arkkeja tulostukseen. 20 vaakasuoraa nimikyltti\u00e4 60x90mm ripustusklipsien kanssa.<\/p>","protected":false},"featured_media":133594,"template":"","meta":{"_acf_changed":false},"product_brand":[],"product_cat":[4275],"product_tag":[],"class_list":{"0":"post-115620","1":"product","2":"type-product","3":"status-publish","4":"has-post-thumbnail","6":"product_cat-namnskyltar-kompletta-set","7":"product_shipping_class-tunga-paket","8":"pa_brands-durable","9":"tm-no-options","11":"first","12":"instock","13":"sale","14":"taxable","15":"shipping-taxable","16":"purchasable","17":"product-type-simple"},"acf":[],"_links":{"self":[{"href":"https:\/\/secureus.se\/fi\/wp-json\/wp\/v2\/product\/115620","targetHints":{"allow":["GET"]}}],"collection":[{"href":"https:\/\/secureus.se\/fi\/wp-json\/wp\/v2\/product"}],"about":[{"href":"https:\/\/secureus.se\/fi\/wp-json\/wp\/v2\/types\/product"}],"wp:featuredmedia":[{"embeddable":true,"href":"https:\/\/secureus.se\/fi\/wp-json\/wp\/v2\/media\/133594"}],"wp:attachment":[{"href":"https:\/\/secureus.se\/fi\/wp-json\/wp\/v2\/media?parent=115620"}],"wp:term":[{"taxonomy":"product_brand","embeddable":true,"href":"https:\/\/secureus.se\/fi\/wp-json\/wp\/v2\/product_brand?post=115620"},{"taxonomy":"product_cat","embeddable":true,"href":"https:\/\/secureus.se\/fi\/wp-json\/wp\/v2\/product_cat?post=115620"},{"taxonomy":"product_tag","embeddable":true,"href":"https:\/\/secureus.se\/fi\/wp-json\/wp\/v2\/product_tag?post=115620"}],"curies":[{"name":"wp","href":"https:\/\/api.w.org\/{rel}","templated":true}]}}