{"id":115650,"date":"2024-12-07T15:21:16","date_gmt":"2024-12-07T14:21:16","guid":{"rendered":"https:\/\/secureus.se\/?post_type=product&#038;p=115650"},"modified":"2026-01-12T12:36:34","modified_gmt":"2026-01-12T11:36:34","slug":"sherpa-extension-set-10","status":"publish","type":"product","link":"https:\/\/secureus.se\/fi\/sherpa-extension-set-10\/","title":{"rendered":"SHERPA\u00ae LAAJENNUSSETTI 10"},"content":{"rendered":"<p>T\u00e4ydellinen jatkoosa 10 paneelilla (5 harmaata, 5 mustaa) SHERPA\u00ae-p\u00f6yt\u00e4telineen laajentamiseksi. Sarjaan kuuluu my\u00f6s siirrett\u00e4v\u00e4t 58 mm:n p\u00e4\u00e4tepidikkeet. Voidaan k\u00e4ytt\u00e4\u00e4 p\u00f6yt\u00e4telineiden 5623, 5632 ja 5519 kanssa. 5 vuoden takuu. Takuuehdot l\u00f6ytyv\u00e4t t\u00e4\u00e4lt\u00e4: https:\/\/www.durable.se\/sv_SE\/service\/garanti\/garanti-foer-sherpa-vario\/<\/p>","protected":false},"excerpt":{"rendered":"<p>Laajennusmoduuli SHERPA\u00ae 5623, 5632 ja 5519 p\u00f6yt\u00e4telineille.<\/p>","protected":false},"featured_media":135646,"template":"","meta":{"_acf_changed":false},"product_brand":[],"product_cat":[4298],"product_tag":[4409],"class_list":{"0":"post-115650","1":"product","2":"type-product","3":"status-publish","4":"has-post-thumbnail","6":"product_cat-bladderstall-bord","7":"product_tag-svart-gra","8":"product_shipping_class-tunga-paket","9":"pa_brands-durable","10":"pa_farg-svart-gra","11":"tm-no-options","13":"first","14":"instock","15":"sale","16":"taxable","17":"shipping-taxable","18":"purchasable","19":"product-type-simple"},"acf":[],"_links":{"self":[{"href":"https:\/\/secureus.se\/fi\/wp-json\/wp\/v2\/product\/115650","targetHints":{"allow":["GET"]}}],"collection":[{"href":"https:\/\/secureus.se\/fi\/wp-json\/wp\/v2\/product"}],"about":[{"href":"https:\/\/secureus.se\/fi\/wp-json\/wp\/v2\/types\/product"}],"wp:featuredmedia":[{"embeddable":true,"href":"https:\/\/secureus.se\/fi\/wp-json\/wp\/v2\/media\/135646"}],"wp:attachment":[{"href":"https:\/\/secureus.se\/fi\/wp-json\/wp\/v2\/media?parent=115650"}],"wp:term":[{"taxonomy":"product_brand","embeddable":true,"href":"https:\/\/secureus.se\/fi\/wp-json\/wp\/v2\/product_brand?post=115650"},{"taxonomy":"product_cat","embeddable":true,"href":"https:\/\/secureus.se\/fi\/wp-json\/wp\/v2\/product_cat?post=115650"},{"taxonomy":"product_tag","embeddable":true,"href":"https:\/\/secureus.se\/fi\/wp-json\/wp\/v2\/product_tag?post=115650"}],"curies":[{"name":"wp","href":"https:\/\/api.w.org\/{rel}","templated":true}]}}