{"id":115659,"date":"2024-11-20T14:41:47","date_gmt":"2024-11-20T13:41:47","guid":{"rendered":"https:\/\/secureus.se\/?post_type=product&#038;p=115659"},"modified":"2026-01-12T12:56:16","modified_gmt":"2026-01-12T11:56:16","slug":"magnetram-duraframe-magnetic-security-a4-2","status":"publish","type":"product","link":"https:\/\/secureus.se\/fi\/magnetram-duraframe-magnetic-security-a4-2\/","title":{"rendered":"Magneettikehys DURAFRAME\u00ae MAGNETIC SECURITY A4"},"content":{"rendered":"<p>K\u00e4yt\u00e4 DURAFRAME\u00ae MAGNETIC SECURITY magneettista liimatietokehyst\u00e4 n\u00e4ytt\u00e4\u00e4ksesi v\u00e4liaikaisia tai pysyv\u00e4mpi\u00e4 turvallisuus- ja varoitustietoja ammattimaisesti, nopeasti ja helposti. Aseta suojapaperi kehyksen koko reunan ymp\u00e4rille asiakirjan p\u00e4\u00e4lle ja kiinnit\u00e4 esim. valkotauluille, hoitokaapeille ja metalliseinille. Selke\u00e4! Siisti ja helpompi k\u00e4sitell\u00e4 kuin esim.<br \/>\nA4-kokoisille asiakirjoille. Voidaan k\u00e4ytt\u00e4\u00e4 pysty- tai vaakamuodossa. Ulkomitat 236\u00d7323 mm. V\u00e4rit vihre\u00e4\/valkoinen signaloivat ensiapu- ja evakuointikartat ISO 3864-4 turvav\u00e4rien mukaisesti.<br \/>\nPakkauksessa 5 kpl.<\/p>","protected":false},"excerpt":{"rendered":"<p>Magneettinen kehys varoitusv\u00e4reill\u00e4 n\u00e4ytt\u00e4\u00e4 t\u00e4rke\u00e4t turvallisuustiedot, huomautukset ja varoitukset siististi.<\/p>","protected":false},"featured_media":133410,"template":"","meta":{"_acf_changed":false},"product_brand":[],"product_cat":[4295],"product_tag":[4391],"class_list":{"0":"post-115659","1":"product","2":"type-product","3":"status-publish","4":"has-post-thumbnail","6":"product_cat-inforamar-for-metallytor","7":"product_tag-rod-vit","8":"product_shipping_class-tunga-paket","9":"pa_brands-durable","10":"pa_farg-rod-vit","11":"tm-no-options","13":"first","14":"instock","15":"sale","16":"taxable","17":"shipping-taxable","18":"purchasable","19":"product-type-simple"},"acf":[],"_links":{"self":[{"href":"https:\/\/secureus.se\/fi\/wp-json\/wp\/v2\/product\/115659","targetHints":{"allow":["GET"]}}],"collection":[{"href":"https:\/\/secureus.se\/fi\/wp-json\/wp\/v2\/product"}],"about":[{"href":"https:\/\/secureus.se\/fi\/wp-json\/wp\/v2\/types\/product"}],"wp:featuredmedia":[{"embeddable":true,"href":"https:\/\/secureus.se\/fi\/wp-json\/wp\/v2\/media\/133410"}],"wp:attachment":[{"href":"https:\/\/secureus.se\/fi\/wp-json\/wp\/v2\/media?parent=115659"}],"wp:term":[{"taxonomy":"product_brand","embeddable":true,"href":"https:\/\/secureus.se\/fi\/wp-json\/wp\/v2\/product_brand?post=115659"},{"taxonomy":"product_cat","embeddable":true,"href":"https:\/\/secureus.se\/fi\/wp-json\/wp\/v2\/product_cat?post=115659"},{"taxonomy":"product_tag","embeddable":true,"href":"https:\/\/secureus.se\/fi\/wp-json\/wp\/v2\/product_tag?post=115659"}],"curies":[{"name":"wp","href":"https:\/\/api.w.org\/{rel}","templated":true}]}}