{"id":115683,"date":"2024-11-20T13:58:05","date_gmt":"2024-11-20T12:58:05","guid":{"rendered":"https:\/\/secureus.se\/?post_type=product&#038;p=115683"},"modified":"2026-01-12T12:29:05","modified_gmt":"2026-01-12T11:29:05","slug":"inforam-sjalvhaftande-duraframe-note-a4","status":"publish","type":"product","link":"https:\/\/secureus.se\/fi\/inforam-sjalvhaftande-duraframe-note-a4\/","title":{"rendered":"Infokehys itseliimautuva DURAFRAME\u00ae HUOMAA A4"},"content":{"rendered":"<p>K\u00e4yt\u00e4 itseliimautuvaa tietokehyst\u00e4 DURAFRAME\u00ae NOTE esimerkiksi tarkistuslistoille, puhdistusaikatauluille, rekister\u00f6intilistoille tai huoltotarkastuksille, joissa huomautukset on teht\u00e4v\u00e4 suoraan paperille. Nopea ja helppo k\u00e4sittely: Poista suojapaperi - kiinnit\u00e4 Duraframe - nosta etuosa magneettisuljuksella - aseta jopa 5 80 g A4-arkkia - taita etuosa alas - valmis! Helppo asentaa \u2013 ilman ty\u00f6kaluja tai muita lis\u00e4varusteita \u2013 koville ja sileille pinnoille. Siisti ja helpompi k\u00e4sitell\u00e4 kuin esimerkiksi teippi, niitit tai niitit. Sis\u00e4osa pysyy tukevasti paikoillaan magneettien ansiosta kaikilla kolmella avattavalla sivulla. Toisella puolella kyn\u00e4pidike. Kehys n\u00e4ytt\u00e4\u00e4 samalta edest\u00e4 ja takaa ja jos se asetetaan lasille, tiedot voidaan lukea kahdelta puolelta. Runko voidaan irrottaa lasista. Maalatut, pinnoitetut tai laminoidut pinnat voivat vaurioitua, jos kehys poistetaan. A4-kokoisille asiakirjoille.<br \/>\nPakkauksessa 1 kpl.<\/p>","protected":false},"excerpt":{"rendered":"<p>Helppok\u00e4ytt\u00f6inen, itseliimautuva tietokehys muistiinpanoille suoraan paperille. Edess\u00e4 magneettisuljin helpottaa sis\u00e4osien vaihtoa. <\/p>","protected":false},"featured_media":135012,"template":"","meta":{"_acf_changed":false},"product_brand":[],"product_cat":[4296],"product_tag":[4381],"class_list":{"0":"post-115683","1":"product","2":"type-product","3":"status-publish","4":"has-post-thumbnail","6":"product_cat-inforamar-for-slata-ytor","7":"product_tag-svart","8":"product_shipping_class-tunga-paket","9":"pa_brands-durable","10":"pa_farg-svart","11":"tm-no-options","13":"first","14":"instock","15":"sale","16":"taxable","17":"shipping-taxable","18":"purchasable","19":"product-type-simple"},"acf":[],"_links":{"self":[{"href":"https:\/\/secureus.se\/fi\/wp-json\/wp\/v2\/product\/115683","targetHints":{"allow":["GET"]}}],"collection":[{"href":"https:\/\/secureus.se\/fi\/wp-json\/wp\/v2\/product"}],"about":[{"href":"https:\/\/secureus.se\/fi\/wp-json\/wp\/v2\/types\/product"}],"wp:featuredmedia":[{"embeddable":true,"href":"https:\/\/secureus.se\/fi\/wp-json\/wp\/v2\/media\/135012"}],"wp:attachment":[{"href":"https:\/\/secureus.se\/fi\/wp-json\/wp\/v2\/media?parent=115683"}],"wp:term":[{"taxonomy":"product_brand","embeddable":true,"href":"https:\/\/secureus.se\/fi\/wp-json\/wp\/v2\/product_brand?post=115683"},{"taxonomy":"product_cat","embeddable":true,"href":"https:\/\/secureus.se\/fi\/wp-json\/wp\/v2\/product_cat?post=115683"},{"taxonomy":"product_tag","embeddable":true,"href":"https:\/\/secureus.se\/fi\/wp-json\/wp\/v2\/product_tag?post=115683"}],"curies":[{"name":"wp","href":"https:\/\/api.w.org\/{rel}","templated":true}]}}