{"id":115707,"date":"2024-11-20T14:16:23","date_gmt":"2024-11-20T13:16:23","guid":{"rendered":"https:\/\/secureus.se\/?post_type=product&#038;p=115707"},"modified":"2026-01-12T12:06:23","modified_gmt":"2026-01-12T11:06:23","slug":"plastficka-a5l-sjalvhaftande","status":"publish","type":"product","link":"https:\/\/secureus.se\/fi\/plastficka-a5l-sjalvhaftande\/","title":{"rendered":"Muovitasku A5L itseliimautuva"},"content":{"rendered":"<p>Selke\u00e4t ja kattavat hyllyjen, kaapien, ovien, kuormalavojen, konttien ja muiden tilojen merkinn\u00e4t parantavat ja virtaviivaistavat ty\u00f6prosessia varastoissa ja tuotantotiloissa. Kest\u00e4v\u00e4st\u00e4 polypropeenista valmistetut itseliimautuvat muovitaskut ovat luettavissa skannerilla ja suojaavat vaihdettavia tarroja lialta. Kaksi tarranauhaa takana pit\u00e4\u00e4 taskun paikoillaan. Ilmainen malli etikettiin on saatavilla osoitteessa www.duraprint.se.<br \/>\nSis\u00e4mitat: A5L (210 x 148 mm) (L x K)<br \/>\nUlkomitat: 223 x 163 mm (L x K)<br \/>\nTarvikkeet: Tarrat A4-arkeille, art. nro 485502<\/p>","protected":false},"excerpt":{"rendered":"<p>Muovitasku, jossa kaksi itseliimautuvaa nauhaa takana. Pysyv\u00e4mp\u00e4\u00e4n k\u00e4ytt\u00f6\u00f6n esim. lavoille ja konteille.<\/p>","protected":false},"featured_media":133846,"template":"","meta":{"_acf_changed":false},"product_brand":[],"product_cat":[4306],"product_tag":[4387],"class_list":{"0":"post-115707","1":"product","2":"type-product","3":"status-publish","4":"has-post-thumbnail","6":"product_cat-markning-pallstall","7":"product_tag-bla","8":"product_shipping_class-tunga-paket","9":"pa_brands-durable","10":"pa_farg-bla","11":"tm-no-options","13":"first","14":"instock","15":"sale","16":"taxable","17":"shipping-taxable","18":"purchasable","19":"product-type-simple"},"acf":[],"_links":{"self":[{"href":"https:\/\/secureus.se\/fi\/wp-json\/wp\/v2\/product\/115707","targetHints":{"allow":["GET"]}}],"collection":[{"href":"https:\/\/secureus.se\/fi\/wp-json\/wp\/v2\/product"}],"about":[{"href":"https:\/\/secureus.se\/fi\/wp-json\/wp\/v2\/types\/product"}],"wp:featuredmedia":[{"embeddable":true,"href":"https:\/\/secureus.se\/fi\/wp-json\/wp\/v2\/media\/133846"}],"wp:attachment":[{"href":"https:\/\/secureus.se\/fi\/wp-json\/wp\/v2\/media?parent=115707"}],"wp:term":[{"taxonomy":"product_brand","embeddable":true,"href":"https:\/\/secureus.se\/fi\/wp-json\/wp\/v2\/product_brand?post=115707"},{"taxonomy":"product_cat","embeddable":true,"href":"https:\/\/secureus.se\/fi\/wp-json\/wp\/v2\/product_cat?post=115707"},{"taxonomy":"product_tag","embeddable":true,"href":"https:\/\/secureus.se\/fi\/wp-json\/wp\/v2\/product_tag?post=115707"}],"curies":[{"name":"wp","href":"https:\/\/api.w.org\/{rel}","templated":true}]}}