{"id":115718,"date":"2024-11-05T17:26:16","date_gmt":"2024-11-05T16:26:16","guid":{"rendered":"https:\/\/secureus.se\/?post_type=product&#038;p=115718"},"modified":"2026-01-12T12:57:54","modified_gmt":"2026-01-12T11:57:54","slug":"sherpa-panel-a4-7","status":"publish","type":"product","link":"https:\/\/secureus.se\/fi\/sherpa-panel-a4-7\/","title":{"rendered":"SHERPA\u00ae PANEELI A4"},"content":{"rendered":"<p>Heijastamattomat, skannattavat taskut v\u00e4rillisell\u00e4 kehyksell\u00e4 A4-kokoisia asiakirjoja, kuten hinnastoja, muistiinpanoja jne. varten, jotka on suojattu taskussa. K\u00e4ytet\u00e4\u00e4n yleiskuvaj\u00e4rjestelmiss\u00e4, joissa piikkej\u00e4 on integroitu pidikkeeseen. Ylh\u00e4\u00e4ll\u00e4 aukko asiakirjojen vaihtamista varten. Valmistettu polypropeenimuovista. SHERPA\u00ae PANEL on runko, joka sis\u00e4ltyy DURABLE-sarjan SHERPA\u00b0- ja VARIO\u00b0-sarjoihin. Minimiosto on 5 paneelin pakkaus (musta, punainen, keltainen, vihre\u00e4 ja sininen). 5 vuoden takuu. Takuuehdot l\u00f6ytyv\u00e4t t\u00e4\u00e4lt\u00e4: https:\/\/www.durable.se\/sv_SE\/service\/garanti\/garanti-foer-sherpa-vario\/<br \/>\nLis\u00e4varusteet: Otsikkotelineen tuotenumero 560919 aller 560319<\/p>","protected":false},"excerpt":{"rendered":"<p>Muovinen tasku v\u00e4rillisell\u00e4 kehyksell\u00e4. Soveltuu p\u00f6ytiin ja sein\u00e4telineen, joissa piikkej\u00e4 on integroitu pidikkeeseen.<\/p>","protected":false},"featured_media":135711,"template":"","meta":{"_acf_changed":false},"product_brand":[],"product_cat":[4301],"product_tag":[4396],"class_list":{"0":"post-115718","1":"product","2":"type-product","3":"status-publish","4":"has-post-thumbnail","6":"product_cat-tillbehor-till-bladderpanelsystem","7":"product_tag-vit","8":"product_shipping_class-tunga-paket","9":"pa_brands-durable","10":"pa_farg-vit","11":"tm-no-options","13":"first","14":"instock","15":"sale","16":"taxable","17":"shipping-taxable","18":"purchasable","19":"product-type-simple"},"acf":[],"_links":{"self":[{"href":"https:\/\/secureus.se\/fi\/wp-json\/wp\/v2\/product\/115718","targetHints":{"allow":["GET"]}}],"collection":[{"href":"https:\/\/secureus.se\/fi\/wp-json\/wp\/v2\/product"}],"about":[{"href":"https:\/\/secureus.se\/fi\/wp-json\/wp\/v2\/types\/product"}],"wp:featuredmedia":[{"embeddable":true,"href":"https:\/\/secureus.se\/fi\/wp-json\/wp\/v2\/media\/135711"}],"wp:attachment":[{"href":"https:\/\/secureus.se\/fi\/wp-json\/wp\/v2\/media?parent=115718"}],"wp:term":[{"taxonomy":"product_brand","embeddable":true,"href":"https:\/\/secureus.se\/fi\/wp-json\/wp\/v2\/product_brand?post=115718"},{"taxonomy":"product_cat","embeddable":true,"href":"https:\/\/secureus.se\/fi\/wp-json\/wp\/v2\/product_cat?post=115718"},{"taxonomy":"product_tag","embeddable":true,"href":"https:\/\/secureus.se\/fi\/wp-json\/wp\/v2\/product_tag?post=115718"}],"curies":[{"name":"wp","href":"https:\/\/api.w.org\/{rel}","templated":true}]}}