{"id":115727,"date":"2024-12-07T15:21:15","date_gmt":"2024-12-07T14:21:15","guid":{"rendered":"https:\/\/secureus.se\/?post_type=product&#038;p=115727"},"modified":"2026-01-12T12:36:53","modified_gmt":"2026-01-12T11:36:53","slug":"rubrikhallare-23mm-sherpa-panel","status":"publish","type":"product","link":"https:\/\/secureus.se\/fi\/rubrikhallare-23mm-sherpa-panel\/","title":{"rendered":"Otsikkoteline 23mm SHERPA\u00ae PANEELI"},"content":{"rendered":"<p>23 mm:n otsikkoteline valkoisilla tarroilla l\u00f6yt\u00e4\u00e4ksesi nopeasti etsim\u00e4si tiedot. N\u00e4m\u00e4 pienet pidikkeet sopivat hyvin numeroille. Kiinnitet\u00e4\u00e4n SHERPA\u00ae PANEL -muovitaskujen v\u00e4rillisten kehysten yl\u00e4osaan tai sivuun. Voidaan siirt\u00e4\u00e4 kiintein askelin tai irrottaa kokonaan. 12 kappaletta yhdell\u00e4 pitk\u00e4ll\u00e4 sivulla tarkoittaa, ett\u00e4 koko etikettiliuska on n\u00e4kyviss\u00e4. Laukku, jossa 10 kpl.<\/p>","protected":false},"excerpt":{"rendered":"<p>Otsikkoteline 23 mm sopii SHERPA\u00ae PANEL -muovitaskuihin.<\/p>","protected":false},"featured_media":135570,"template":"","meta":{"_acf_changed":false},"product_brand":[],"product_cat":[4301],"product_tag":[4376],"class_list":{"0":"post-115727","1":"product","2":"type-product","3":"status-publish","4":"has-post-thumbnail","6":"product_cat-tillbehor-till-bladderpanelsystem","7":"product_tag-transparent","8":"product_shipping_class-tunga-paket","9":"pa_brands-durable","10":"pa_farg-transparent","11":"tm-no-options","13":"first","14":"instock","15":"sale","16":"taxable","17":"shipping-taxable","18":"purchasable","19":"product-type-simple"},"acf":[],"_links":{"self":[{"href":"https:\/\/secureus.se\/fi\/wp-json\/wp\/v2\/product\/115727","targetHints":{"allow":["GET"]}}],"collection":[{"href":"https:\/\/secureus.se\/fi\/wp-json\/wp\/v2\/product"}],"about":[{"href":"https:\/\/secureus.se\/fi\/wp-json\/wp\/v2\/types\/product"}],"wp:featuredmedia":[{"embeddable":true,"href":"https:\/\/secureus.se\/fi\/wp-json\/wp\/v2\/media\/135570"}],"wp:attachment":[{"href":"https:\/\/secureus.se\/fi\/wp-json\/wp\/v2\/media?parent=115727"}],"wp:term":[{"taxonomy":"product_brand","embeddable":true,"href":"https:\/\/secureus.se\/fi\/wp-json\/wp\/v2\/product_brand?post=115727"},{"taxonomy":"product_cat","embeddable":true,"href":"https:\/\/secureus.se\/fi\/wp-json\/wp\/v2\/product_cat?post=115727"},{"taxonomy":"product_tag","embeddable":true,"href":"https:\/\/secureus.se\/fi\/wp-json\/wp\/v2\/product_tag?post=115727"}],"curies":[{"name":"wp","href":"https:\/\/api.w.org\/{rel}","templated":true}]}}