{"id":115736,"date":"2024-12-07T15:21:15","date_gmt":"2024-12-07T14:21:15","guid":{"rendered":"https:\/\/secureus.se\/?post_type=product&#038;p=115736"},"modified":"2026-01-12T12:29:24","modified_gmt":"2026-01-12T11:29:24","slug":"plastficka-vattentalig-a4-magnetisk","status":"publish","type":"product","link":"https:\/\/secureus.se\/fi\/plastficka-vattentalig-a4-magnetisk\/","title":{"rendered":"Muovinen vedenpit\u00e4v\u00e4 A4-magneettitasku"},"content":{"rendered":"<p>Veden- ja vedenpit\u00e4v\u00e4t, s\u00e4\u00e4n- ja naarmuuntumattomat, UV-suojatut ja heijastamattomat muovitaskut kaksipuoliseen tietoon sateelle, kosteudelle, roiskeille ja lialle altistuvissa ymp\u00e4rist\u00f6iss\u00e4, esim. allasalueet, saunatilat, tee-se-itse-hallit ja puutarhakaupat . Pest\u00e4v\u00e4 ja desinfioitavissa. Kyltti\/tiedot voidaan tehd\u00e4 ilmaisohjelmasta duraprint l\u00f6ytyvill\u00e4 malleilla. Muovitaskuja voi k\u00e4ytt\u00e4\u00e4 pysty- tai vaakasuunnassa, mukana tulee 2 160g\/m2 A4-arkkia. Kaksi magneettinauhaa taskun takana mahdollistavat niiden kiinnittymisen magneettisille sileille pinnoille. 5 kpl pussissa. <\/p>","protected":false},"excerpt":{"rendered":"<p>Vedenpit\u00e4v\u00e4 muovitasku tiedoille ulkona ja kosteissa sis\u00e4tiloissa. Kiinnittyy magneettisiin pintoihin.<\/p>","protected":false},"featured_media":135359,"template":"","meta":{"_acf_changed":false},"product_brand":[],"product_cat":[4306],"product_tag":[4376],"class_list":{"0":"post-115736","1":"product","2":"type-product","3":"status-publish","4":"has-post-thumbnail","6":"product_cat-markning-pallstall","7":"product_tag-transparent","8":"product_shipping_class-tunga-paket","9":"pa_brands-durable","10":"pa_farg-transparent","11":"tm-no-options","13":"first","14":"instock","15":"sale","16":"taxable","17":"shipping-taxable","18":"purchasable","19":"product-type-simple"},"acf":[],"_links":{"self":[{"href":"https:\/\/secureus.se\/fi\/wp-json\/wp\/v2\/product\/115736","targetHints":{"allow":["GET"]}}],"collection":[{"href":"https:\/\/secureus.se\/fi\/wp-json\/wp\/v2\/product"}],"about":[{"href":"https:\/\/secureus.se\/fi\/wp-json\/wp\/v2\/types\/product"}],"wp:featuredmedia":[{"embeddable":true,"href":"https:\/\/secureus.se\/fi\/wp-json\/wp\/v2\/media\/135359"}],"wp:attachment":[{"href":"https:\/\/secureus.se\/fi\/wp-json\/wp\/v2\/media?parent=115736"}],"wp:term":[{"taxonomy":"product_brand","embeddable":true,"href":"https:\/\/secureus.se\/fi\/wp-json\/wp\/v2\/product_brand?post=115736"},{"taxonomy":"product_cat","embeddable":true,"href":"https:\/\/secureus.se\/fi\/wp-json\/wp\/v2\/product_cat?post=115736"},{"taxonomy":"product_tag","embeddable":true,"href":"https:\/\/secureus.se\/fi\/wp-json\/wp\/v2\/product_tag?post=115736"}],"curies":[{"name":"wp","href":"https:\/\/api.w.org\/{rel}","templated":true}]}}