{"id":115760,"date":"2024-11-05T17:25:50","date_gmt":"2024-11-05T16:25:50","guid":{"rendered":"https:\/\/secureus.se\/?post_type=product&#038;p=115760"},"modified":"2026-01-12T12:36:24","modified_gmt":"2026-01-12T11:36:24","slug":"sherpa-panel-pin-a4","status":"publish","type":"product","link":"https:\/\/secureus.se\/fi\/sherpa-panel-pin-a4\/","title":{"rendered":"SHERPA\u00ae PANEELIN PINTA A4"},"content":{"rendered":"<p>SHERPA\u00ae PANEL PIN ovat heijastamattomia, v\u00e4rillisell\u00e4 kehyksell\u00e4 varustettuja, skannattavia taskuja A4-kokoisille asiakirjoille, kuten hinnastoja, muistiinpanoja jne., jotka on suojattu taskussa. Paneelissa piikit k\u00e4ytett\u00e4v\u00e4ksi yleiskuvaj\u00e4rjestelmiss\u00e4, joissa on valmiiksi poratut rei\u00e4t. Ylh\u00e4\u00e4ll\u00e4 aukko asiakirjojen vaihtamista varten. Valmistettu polypropeenimuovista. Minimiosto on 5 paneelin pakkaus. 5 vuoden takuu. Takuuehdot l\u00f6ytyv\u00e4t t\u00e4\u00e4lt\u00e4: https:\/\/www.durable.se\/sv_SE\/service\/garanti\/garanti-foer-sherpa-vario\/<br \/>\nLis\u00e4varusteet: Otsikkotelineen tuotenumero 560919 aller 560319<\/p>","protected":false},"excerpt":{"rendered":"<p>Muovitasku v\u00e4rillisell\u00e4 kehyksell\u00e4 ja integroiduilla piikill\u00e4. Sopii p\u00f6ytiin ja sein\u00e4telineen, joissa on reiki\u00e4 kehyksiin (muita merkkej\u00e4 kuin DURABLE)<\/p>","protected":false},"featured_media":135304,"template":"","meta":{"_acf_changed":false},"product_brand":[],"product_cat":[4301],"product_tag":[4381],"class_list":{"0":"post-115760","1":"product","2":"type-product","3":"status-publish","4":"has-post-thumbnail","6":"product_cat-tillbehor-till-bladderpanelsystem","7":"product_tag-svart","8":"product_shipping_class-tunga-paket","9":"pa_brands-durable","10":"pa_farg-svart","11":"tm-no-options","13":"first","14":"instock","15":"sale","16":"taxable","17":"shipping-taxable","18":"purchasable","19":"product-type-simple"},"acf":[],"_links":{"self":[{"href":"https:\/\/secureus.se\/fi\/wp-json\/wp\/v2\/product\/115760","targetHints":{"allow":["GET"]}}],"collection":[{"href":"https:\/\/secureus.se\/fi\/wp-json\/wp\/v2\/product"}],"about":[{"href":"https:\/\/secureus.se\/fi\/wp-json\/wp\/v2\/types\/product"}],"wp:featuredmedia":[{"embeddable":true,"href":"https:\/\/secureus.se\/fi\/wp-json\/wp\/v2\/media\/135304"}],"wp:attachment":[{"href":"https:\/\/secureus.se\/fi\/wp-json\/wp\/v2\/media?parent=115760"}],"wp:term":[{"taxonomy":"product_brand","embeddable":true,"href":"https:\/\/secureus.se\/fi\/wp-json\/wp\/v2\/product_brand?post=115760"},{"taxonomy":"product_cat","embeddable":true,"href":"https:\/\/secureus.se\/fi\/wp-json\/wp\/v2\/product_cat?post=115760"},{"taxonomy":"product_tag","embeddable":true,"href":"https:\/\/secureus.se\/fi\/wp-json\/wp\/v2\/product_tag?post=115760"}],"curies":[{"name":"wp","href":"https:\/\/api.w.org\/{rel}","templated":true}]}}