{"id":115770,"date":"2024-11-05T17:40:20","date_gmt":"2024-11-05T16:40:20","guid":{"rendered":"https:\/\/secureus.se\/?post_type=product&#038;p=115770"},"modified":"2026-01-12T12:53:00","modified_gmt":"2026-01-12T11:53:00","slug":"plastkort-duracard-light","status":"publish","type":"product","link":"https:\/\/secureus.se\/fi\/plastkort-duracard-light\/","title":{"rendered":"Muovikortti DURACARD LIGHT"},"content":{"rendered":"<p>100 ohutta korttia, joita voi k\u00e4ytt\u00e4\u00e4 esim. nimilappuina ja j\u00e4senkortteina sek\u00e4 tulostaa DURACARD ID 300 korttitulostimella. Kortit ovat 0,5 mm paksuja. Mitat: 53,98 \u00d7 85,60 mm (luottokortin koko).<br \/>\nLis\u00e4varusteet: Passipidike ja henkil\u00f6korttiteline erilaisilla tarvikkeilla. Magneettisarja 891700<\/p>","protected":false},"excerpt":{"rendered":"<p>100 ohutta PVC-korttia luottokorttimuodossa 53,98\u00d785,60 mm tulostamiseen DURACARD ID 300 -korttitulostimella.<\/p>","protected":false},"featured_media":135545,"template":"","meta":{"_acf_changed":false},"product_brand":[],"product_cat":[4347,4235],"product_tag":[4396],"class_list":{"0":"post-115770","1":"product","2":"type-product","3":"status-publish","4":"has-post-thumbnail","6":"product_cat-kortskrivare-tillbehor-duracard","7":"product_cat-plastkort-utan-chip","8":"product_tag-vit","9":"product_shipping_class-tunga-paket","10":"pa_brands-durable","11":"pa_farg-vit","12":"tm-no-options","14":"first","15":"instock","16":"sale","17":"taxable","18":"shipping-taxable","19":"purchasable","20":"product-type-simple"},"acf":[],"_links":{"self":[{"href":"https:\/\/secureus.se\/fi\/wp-json\/wp\/v2\/product\/115770","targetHints":{"allow":["GET"]}}],"collection":[{"href":"https:\/\/secureus.se\/fi\/wp-json\/wp\/v2\/product"}],"about":[{"href":"https:\/\/secureus.se\/fi\/wp-json\/wp\/v2\/types\/product"}],"wp:featuredmedia":[{"embeddable":true,"href":"https:\/\/secureus.se\/fi\/wp-json\/wp\/v2\/media\/135545"}],"wp:attachment":[{"href":"https:\/\/secureus.se\/fi\/wp-json\/wp\/v2\/media?parent=115770"}],"wp:term":[{"taxonomy":"product_brand","embeddable":true,"href":"https:\/\/secureus.se\/fi\/wp-json\/wp\/v2\/product_brand?post=115770"},{"taxonomy":"product_cat","embeddable":true,"href":"https:\/\/secureus.se\/fi\/wp-json\/wp\/v2\/product_cat?post=115770"},{"taxonomy":"product_tag","embeddable":true,"href":"https:\/\/secureus.se\/fi\/wp-json\/wp\/v2\/product_tag?post=115770"}],"curies":[{"name":"wp","href":"https:\/\/api.w.org\/{rel}","templated":true}]}}