{"id":115782,"date":"2024-11-20T14:16:43","date_gmt":"2024-11-20T13:16:43","guid":{"rendered":"https:\/\/secureus.se\/?post_type=product&#038;p=115782"},"modified":"2026-01-12T12:00:23","modified_gmt":"2026-01-12T11:00:23","slug":"pabudsdekal-anvand-munskydd-borttagbar","status":"publish","type":"product","link":"https:\/\/secureus.se\/fi\/pabudsdekal-anvand-munskydd-borttagbar\/","title":{"rendered":"Pakollinen tarra &quot;K\u00e4yt\u00e4 suunsuojainta&quot; irrotettava"},"content":{"rendered":"<p>Lis\u00e4\u00e4 turvallisuutta julkisissa ymp\u00e4rist\u00f6iss\u00e4: lattiamerkint\u00e4tarrat pakollisilla tai kiellettyill\u00e4 symboleilla, jotka auttavat viestim\u00e4\u00e4n hygienia- ja et\u00e4isyyss\u00e4\u00e4nn\u00f6ist\u00e4. Itsekiinnittyv\u00e4, irrotettava iso lattiatarra &quot;K\u00e4yt\u00e4 suunsuojainta&quot; kertoo selv\u00e4sti, ett\u00e4 alueella (esim. kaupat, kuntosalit, hotellit, ravintolat) on k\u00e4ytett\u00e4v\u00e4 suunsuojainta, hengityssuojainta tai vastaavaa. Kiinnittyy puhtaisiin ja kuiviin betonilattioihin. Liukumattomuusluokka R9 DIN 51130 mukaan. Kilvet t\u00e4ytt\u00e4v\u00e4t ISO 7010 vaatimukset.<br \/>\nMitat: \u00d8 430 mm, paksuus 0,2 mm<\/p>","protected":false},"excerpt":{"rendered":"<p>Itsekiinnittyv\u00e4, irrotettava pakollinen kyltti lattiamaalaukseen. Kertoo selke\u00e4sti suunsuojaimen k\u00e4yt\u00f6st\u00e4 ja lis\u00e4\u00e4 turvallisuutta ja riskitietoisuutta.<\/p>","protected":false},"featured_media":133529,"template":"","meta":{"_acf_changed":false},"product_brand":[],"product_cat":[4307],"product_tag":[4387],"class_list":{"0":"post-115782","1":"product","2":"type-product","3":"status-publish","4":"has-post-thumbnail","6":"product_cat-sakerhetsmarkning","7":"product_tag-bla","8":"product_shipping_class-tunga-paket","9":"pa_brands-durable","10":"pa_farg-bla","11":"tm-no-options","13":"first","14":"instock","15":"sale","16":"taxable","17":"shipping-taxable","18":"purchasable","19":"product-type-simple"},"acf":[],"_links":{"self":[{"href":"https:\/\/secureus.se\/fi\/wp-json\/wp\/v2\/product\/115782","targetHints":{"allow":["GET"]}}],"collection":[{"href":"https:\/\/secureus.se\/fi\/wp-json\/wp\/v2\/product"}],"about":[{"href":"https:\/\/secureus.se\/fi\/wp-json\/wp\/v2\/types\/product"}],"wp:featuredmedia":[{"embeddable":true,"href":"https:\/\/secureus.se\/fi\/wp-json\/wp\/v2\/media\/133529"}],"wp:attachment":[{"href":"https:\/\/secureus.se\/fi\/wp-json\/wp\/v2\/media?parent=115782"}],"wp:term":[{"taxonomy":"product_brand","embeddable":true,"href":"https:\/\/secureus.se\/fi\/wp-json\/wp\/v2\/product_brand?post=115782"},{"taxonomy":"product_cat","embeddable":true,"href":"https:\/\/secureus.se\/fi\/wp-json\/wp\/v2\/product_cat?post=115782"},{"taxonomy":"product_tag","embeddable":true,"href":"https:\/\/secureus.se\/fi\/wp-json\/wp\/v2\/product_tag?post=115782"}],"curies":[{"name":"wp","href":"https:\/\/api.w.org\/{rel}","templated":true}]}}