{"id":115817,"date":"2024-11-20T14:04:21","date_gmt":"2024-11-20T13:04:21","guid":{"rendered":"https:\/\/secureus.se\/?post_type=product&#038;p=115817"},"modified":"2026-01-12T12:10:57","modified_gmt":"2026-01-12T11:10:57","slug":"forsta-hjalpen-produkter-set-l-din-131572021","status":"publish","type":"product","link":"https:\/\/secureus.se\/fi\/forsta-hjalpen-produkter-set-l-din-131572021\/","title":{"rendered":"Ensiaputuotteiden sarja L DIN 13157:2021"},"content":{"rendered":"<p>Ker\u00e4\u00e4 ensiaputarvikkeet, p\u00e4\u00e4ns\u00e4rkytabletit ja vastaavat yhteen paikkaan, jotta ne ovat helposti saatavilla tarvittaessa. FIRST AID KIT L on t\u00e4ydellinen valikoima ensiapuv\u00e4lineit\u00e4, kuten laastarit, kompressit, siteet, teippi, muovik\u00e4sineet, pelastuspeitto (joka suojaa hypotermialta) standardin DIN 13157 mukaan (sopii hallinto- ja kaupallisille yrityksille, joissa on enint\u00e4\u00e4n 50 ty\u00f6ntekij\u00e4\u00e4). , valmistusyritykset, joissa on enint\u00e4\u00e4n 20 ty\u00f6ntekij\u00e4\u00e4 tai rakennusty\u00f6maat, joissa on enint\u00e4\u00e4n 10 ty\u00f6ntekij\u00e4\u00e4). Sopii FIRST AID BOX L:n t\u00e4ytteeksi tai t\u00e4ytteeksi.<br \/>\nLis\u00e4varusteet: Tyhj\u00e4 ensiapukaappi, tuotenro 197323<\/p>","protected":false},"excerpt":{"rendered":"<p>65 kpl ensiapuv\u00e4lineiden sarja, joka on tarkoitettu k\u00e4ytett\u00e4v\u00e4ksi ty\u00f6el\u00e4m\u00e4ss\u00e4 ja yhdistysel\u00e4m\u00e4ss\u00e4.<\/p>","protected":false},"featured_media":133915,"template":"","meta":{"_acf_changed":false},"product_brand":[],"product_cat":[1573],"product_tag":[],"class_list":{"0":"post-115817","1":"product","2":"type-product","3":"status-publish","4":"has-post-thumbnail","6":"product_cat-forsta-hjalpen","7":"product_shipping_class-tunga-paket","8":"pa_brands-durable","9":"tm-no-options","11":"first","12":"instock","13":"sale","14":"taxable","15":"shipping-taxable","16":"purchasable","17":"product-type-simple"},"acf":[],"_links":{"self":[{"href":"https:\/\/secureus.se\/fi\/wp-json\/wp\/v2\/product\/115817","targetHints":{"allow":["GET"]}}],"collection":[{"href":"https:\/\/secureus.se\/fi\/wp-json\/wp\/v2\/product"}],"about":[{"href":"https:\/\/secureus.se\/fi\/wp-json\/wp\/v2\/types\/product"}],"wp:featuredmedia":[{"embeddable":true,"href":"https:\/\/secureus.se\/fi\/wp-json\/wp\/v2\/media\/133915"}],"wp:attachment":[{"href":"https:\/\/secureus.se\/fi\/wp-json\/wp\/v2\/media?parent=115817"}],"wp:term":[{"taxonomy":"product_brand","embeddable":true,"href":"https:\/\/secureus.se\/fi\/wp-json\/wp\/v2\/product_brand?post=115817"},{"taxonomy":"product_cat","embeddable":true,"href":"https:\/\/secureus.se\/fi\/wp-json\/wp\/v2\/product_cat?post=115817"},{"taxonomy":"product_tag","embeddable":true,"href":"https:\/\/secureus.se\/fi\/wp-json\/wp\/v2\/product_tag?post=115817"}],"curies":[{"name":"wp","href":"https:\/\/api.w.org\/{rel}","templated":true}]}}