{"id":115868,"date":"2025-01-07T11:02:23","date_gmt":"2025-01-07T10:02:23","guid":{"rendered":"https:\/\/secureus.se\/?post_type=product&#038;p=115868"},"modified":"2026-01-12T12:36:50","modified_gmt":"2026-01-12T11:36:50","slug":"bladderstall-function-safe-wall-10","status":"publish","type":"product","link":"https:\/\/secureus.se\/fi\/bladderstall-function-safe-wall-10\/","title":{"rendered":"F\u00e4ppitauluteline FUNCTION SAFE WALL 10"},"content":{"rendered":"<p>Tieto- ja esittelytelineet, joilla on monia eri nimi\u00e4; paneeli, n\u00e4ytt\u00f6, yleiskatsausj\u00e4rjestelm\u00e4, siipirekisteri, PLU-teline, asiakirjateline, lunttilappu... Nimest\u00e4 riippumatta sill\u00e4 on monia k\u00e4ytt\u00f6tarkoituksia varastoissa, tuotantolaitoksissa, kassoilla jne. Yleiskatsausj\u00e4rjestelm\u00e4ss\u00e4 usein k\u00e4ytetyt tiedot tallennetaan, l\u00f6ydet\u00e4\u00e4n nopeasti ja ne ovat helposti n\u00e4ht\u00e4viss\u00e4. FUNCTION SAFE WALL on t\u00e4ydellinen metallinen sein\u00e4teline, jossa on 10 muovitaskua vetoketjullisilla sivuilla ja kiinte\u00e4t otsikkotelineet. A4-kokoisille asiakirjoille, jotka s\u00e4ilytet\u00e4\u00e4n suojassa lialta, p\u00f6lylt\u00e4 ja kosteudelta. Taskuja asettaessa ja poistettaessa on hyv\u00e4 taivuttaa taskua varovasti hieman keskelt\u00e4 sis\u00e4pitk\u00e4n sivun suuntaisesti, jotta taskun asettaminen ja poistaminen on helppoa vahingoittamatta telineen piikkej\u00e4.<\/p>","protected":false},"excerpt":{"rendered":"<p>T\u00e4ydellinen metallinen sein\u00e4teline, jossa on 10 l\u00e4pin\u00e4kyv\u00e4\u00e4 A4-paneelia, joissa vetoketjukiinnitys sivulla.<\/p>","protected":false},"featured_media":134829,"template":"","meta":{"_acf_changed":false},"product_brand":[],"product_cat":[4301],"product_tag":[4397],"class_list":{"0":"post-115868","1":"product","2":"type-product","3":"status-publish","4":"has-post-thumbnail","6":"product_cat-tillbehor-till-bladderpanelsystem","7":"product_tag-mix","8":"product_shipping_class-tunga-paket","9":"pa_brands-durable","10":"pa_farg-mix","11":"tm-no-options","13":"first","14":"instock","15":"sale","16":"taxable","17":"shipping-taxable","18":"purchasable","19":"product-type-simple"},"acf":[],"_links":{"self":[{"href":"https:\/\/secureus.se\/fi\/wp-json\/wp\/v2\/product\/115868","targetHints":{"allow":["GET"]}}],"collection":[{"href":"https:\/\/secureus.se\/fi\/wp-json\/wp\/v2\/product"}],"about":[{"href":"https:\/\/secureus.se\/fi\/wp-json\/wp\/v2\/types\/product"}],"wp:featuredmedia":[{"embeddable":true,"href":"https:\/\/secureus.se\/fi\/wp-json\/wp\/v2\/media\/134829"}],"wp:attachment":[{"href":"https:\/\/secureus.se\/fi\/wp-json\/wp\/v2\/media?parent=115868"}],"wp:term":[{"taxonomy":"product_brand","embeddable":true,"href":"https:\/\/secureus.se\/fi\/wp-json\/wp\/v2\/product_brand?post=115868"},{"taxonomy":"product_cat","embeddable":true,"href":"https:\/\/secureus.se\/fi\/wp-json\/wp\/v2\/product_cat?post=115868"},{"taxonomy":"product_tag","embeddable":true,"href":"https:\/\/secureus.se\/fi\/wp-json\/wp\/v2\/product_tag?post=115868"}],"curies":[{"name":"wp","href":"https:\/\/api.w.org\/{rel}","templated":true}]}}