{"id":115869,"date":"2024-11-20T14:13:37","date_gmt":"2024-11-20T13:13:37","guid":{"rendered":"https:\/\/secureus.se\/?post_type=product&#038;p=115869"},"modified":"2026-01-12T12:51:43","modified_gmt":"2026-01-12T11:51:43","slug":"namnskylt-a6-halsband-duo-2","status":"publish","type":"product","link":"https:\/\/secureus.se\/fi\/namnskylt-a6-halsband-duo-2\/","title":{"rendered":"Nimikilpi A6, kaulakoru duo"},"content":{"rendered":"<p>Konferensseihin, tilaisuuksiin ja aloitustilaisuuksiin osallistuville on k\u00e4yt\u00e4nn\u00f6llist\u00e4 saada tapahtumakyltti, jota voidaan k\u00e4ytt\u00e4\u00e4 nimikylttin\u00e4, mutta my\u00f6s ohjelmakohteita ja muita tietoja varten. T\u00e4m\u00e4 on A6 polypropeenitasku, jossa on k\u00e4yntikorttitasku takana, jossa on 2 cm leve\u00e4 tekstiilikaulus, jossa turvaaukko ja kaksi karabiinia. Kaksoiskarabiinit varmistavat, ett\u00e4 kyltti roikkuu aina suoraan, jotta osallistujat n\u00e4kev\u00e4t toistensa nimet. Kaulakoru on 100 cm koukut mukaan lukien ja pelkk\u00e4 tekstiilinauha on 88 cm. Mukana tulevat valkoiset etiketit nauhana. Tarrat A4-arkeille tulostettaviksi tulostimiin voidaan tilata erikseen. K\u00e4yt\u00e4 ilmaista DURAPRINT\u00ae-ohjelmaa osoitteesta www.duraprint.se luodaksesi ja tulostaaksesi tyylikk\u00e4it\u00e4 nimilappuja.<br \/>\nLis\u00e4varusteet:<br \/>\nBadgemaker\u00ae-tarrat A4-arkeille tulostettaviksi tulostimella, tuotenro 142002<\/p>","protected":false},"excerpt":{"rendered":"<p>Tapahtumien nimikilpi A6-taskulla, jossa on tilaa esim. Mukana tekstiilikaulakoru. <\/p>","protected":false},"featured_media":133777,"template":"","meta":{"_acf_changed":false},"product_brand":[],"product_cat":[4283],"product_tag":[4387],"class_list":{"0":"post-115869","1":"product","2":"type-product","3":"status-publish","4":"has-post-thumbnail","6":"product_cat-namnskyltar-med-nyckelband","7":"product_tag-bla","8":"product_shipping_class-tunga-paket","9":"pa_brands-durable","10":"pa_farg-bla","11":"tm-no-options","13":"first","14":"instock","15":"sale","16":"taxable","17":"shipping-taxable","18":"purchasable","19":"product-type-simple"},"acf":[],"_links":{"self":[{"href":"https:\/\/secureus.se\/fi\/wp-json\/wp\/v2\/product\/115869","targetHints":{"allow":["GET"]}}],"collection":[{"href":"https:\/\/secureus.se\/fi\/wp-json\/wp\/v2\/product"}],"about":[{"href":"https:\/\/secureus.se\/fi\/wp-json\/wp\/v2\/types\/product"}],"wp:featuredmedia":[{"embeddable":true,"href":"https:\/\/secureus.se\/fi\/wp-json\/wp\/v2\/media\/133777"}],"wp:attachment":[{"href":"https:\/\/secureus.se\/fi\/wp-json\/wp\/v2\/media?parent=115869"}],"wp:term":[{"taxonomy":"product_brand","embeddable":true,"href":"https:\/\/secureus.se\/fi\/wp-json\/wp\/v2\/product_brand?post=115869"},{"taxonomy":"product_cat","embeddable":true,"href":"https:\/\/secureus.se\/fi\/wp-json\/wp\/v2\/product_cat?post=115869"},{"taxonomy":"product_tag","embeddable":true,"href":"https:\/\/secureus.se\/fi\/wp-json\/wp\/v2\/product_tag?post=115869"}],"curies":[{"name":"wp","href":"https:\/\/api.w.org\/{rel}","templated":true}]}}