{"id":115903,"date":"2024-11-05T17:25:33","date_gmt":"2024-11-05T16:25:33","guid":{"rendered":"https:\/\/secureus.se\/?post_type=product&#038;p=115903"},"modified":"2026-01-12T12:35:45","modified_gmt":"2026-01-12T11:35:45","slug":"bladderpanelsystem-sherpa-soho-5","status":"publish","type":"product","link":"https:\/\/secureus.se\/fi\/bladderpanelsystem-sherpa-soho-5\/","title":{"rendered":"K\u00e4\u00e4nt\u00f6paneelij\u00e4rjestelm\u00e4 SHERPA\u00ae SOHO 5"},"content":{"rendered":"<p>Tieto- ja esittelytelineet, joilla on monia eri nimi\u00e4; paneeli, n\u00e4ytt\u00f6, yleiskuvausj\u00e4rjestelm\u00e4, siipirekisteri, PLU-pidike, asiakirjateline, lat dog.... Nimest\u00e4 riippumatta sill\u00e4 on monia k\u00e4ytt\u00f6tarkoituksia toimistoissa, kaupoissa, keitti\u00f6iss\u00e4, kassoilla, n\u00e4yttelyiss\u00e4 jne. Usein k\u00e4ytetyt tiedot tallentuvat yleiskuvausj\u00e4rjestelm\u00e4\u00e4n, ovat selkeit\u00e4 ja helposti l\u00f6ydett\u00e4vi\u00e4. SHERPA\u00ae SOHO, joka tarkoittaa pient\u00e4 toimistoa - kotitoimistoa, on pieni p\u00f6yt\u00e4teline, jossa on 5 heijastamatonta, skannattavaa polypropeenimuovitaskua A4-kokoisille asiakirjoille. Taskuja asetettaessa ja irrotettaessa taskua on hyv\u00e4 taivuttaa hieman varovasti keskelt\u00e4 pitk\u00e4\u00e4 sis\u00e4sivua pitkin, jolloin tasku on helppo laittaa paikalleen ja poistaa pitimen piikkej\u00e4 vahingoittamatta. Kumiset jalat saavat sen seisomaan tukevasti. 5 vuoden takuu. Takuuehdot l\u00f6ytyv\u00e4t t\u00e4\u00e4lt\u00e4: https:\/\/www.durable.se\/sv_SE\/service\/garanti\/garanti-foer-sherpa-vario\/<br \/>\nLis\u00e4varusteet: Otsikkotelineen tuotenumero 560919 tai 560319<\/p>","protected":false},"excerpt":{"rendered":"<p>Pieni, t\u00e4ydellinen p\u00f6yt\u00e4teline, jossa on 5 taitettavaa A4-paneelia. Usein k\u00e4ytetty tieto on nopeasti ja selke\u00e4sti k\u00e4sill\u00e4. <\/p>","protected":false},"featured_media":135315,"template":"","meta":{"_acf_changed":false},"product_brand":[],"product_cat":[4298],"product_tag":[4381],"class_list":{"0":"post-115903","1":"product","2":"type-product","3":"status-publish","4":"has-post-thumbnail","6":"product_cat-bladderstall-bord","7":"product_tag-svart","8":"product_shipping_class-tunga-paket","9":"pa_brands-durable","10":"pa_farg-svart","11":"tm-no-options","13":"first","14":"instock","15":"sale","16":"taxable","17":"shipping-taxable","18":"purchasable","19":"product-type-simple"},"acf":[],"_links":{"self":[{"href":"https:\/\/secureus.se\/fi\/wp-json\/wp\/v2\/product\/115903","targetHints":{"allow":["GET"]}}],"collection":[{"href":"https:\/\/secureus.se\/fi\/wp-json\/wp\/v2\/product"}],"about":[{"href":"https:\/\/secureus.se\/fi\/wp-json\/wp\/v2\/types\/product"}],"wp:featuredmedia":[{"embeddable":true,"href":"https:\/\/secureus.se\/fi\/wp-json\/wp\/v2\/media\/135315"}],"wp:attachment":[{"href":"https:\/\/secureus.se\/fi\/wp-json\/wp\/v2\/media?parent=115903"}],"wp:term":[{"taxonomy":"product_brand","embeddable":true,"href":"https:\/\/secureus.se\/fi\/wp-json\/wp\/v2\/product_brand?post=115903"},{"taxonomy":"product_cat","embeddable":true,"href":"https:\/\/secureus.se\/fi\/wp-json\/wp\/v2\/product_cat?post=115903"},{"taxonomy":"product_tag","embeddable":true,"href":"https:\/\/secureus.se\/fi\/wp-json\/wp\/v2\/product_tag?post=115903"}],"curies":[{"name":"wp","href":"https:\/\/api.w.org\/{rel}","templated":true}]}}