{"id":115906,"date":"2024-11-05T17:15:55","date_gmt":"2024-11-05T16:15:55","guid":{"rendered":"https:\/\/secureus.se\/?post_type=product&#038;p=115906"},"modified":"2026-01-12T12:29:52","modified_gmt":"2026-01-12T11:29:52","slug":"sladdgomma-cavoline-box-l-2","status":"publish","type":"product","link":"https:\/\/secureus.se\/fi\/sladdgomma-cavoline-box-l-2\/","title":{"rendered":"Kaapelin piilotin CAVOLINE\u00ae BOX L"},"content":{"rendered":"<p>Pid\u00e4 kaapelit kunnossa CAVOLINE\u00ae:lla sek\u00e4 toimistossa ett\u00e4 kotona. Ker\u00e4\u00e4 kaapelit ja se n\u00e4ytt\u00e4\u00e4 siistimm\u00e4lt\u00e4 ja on my\u00f6s helpompi puhdistaa. <\/p>\n<p>Tyylik\u00e4s tulenkest\u00e4v\u00e4st\u00e4 muovista valmistettu johtorasia kaapeleille ja 5-napaisille pistorasioihin<br \/>\n. Kumip\u00e4\u00e4llysteiset aukot kaapeleille kortin molemmilla puolilla. Aukot toimivat my\u00f6s tuuletusaukoina. Kansi k\u00e4yt\u00e4nn\u00f6llisell\u00e4 kaapelil\u00e4piviennill\u00e4 matkapuhelimen latauskaapelille. Suuret kumijalat varmistavat, ett\u00e4 kaapelisuoja pysyy tukevasti paikallaan<br \/>\n. Mitat: 406 x 156 x 139 mm (L x K x S)<\/p>","protected":false},"excerpt":{"rendered":"<p>Korkealaatuinen tulenkest\u00e4v\u00e4st\u00e4 muovista valmistettu kaapelirasia. <\/p>","protected":false},"featured_media":135489,"template":"","meta":{"_acf_changed":false},"product_brand":[],"product_cat":[4287],"product_tag":[4404],"class_list":{"0":"post-115906","1":"product","2":"type-product","3":"status-publish","4":"has-post-thumbnail","6":"product_cat-kabelsamlare","7":"product_tag-grafitgra","8":"product_shipping_class-tunga-paket","9":"pa_brands-durable","10":"pa_farg-grafitgra","11":"tm-no-options","13":"first","14":"instock","15":"sale","16":"taxable","17":"shipping-taxable","18":"purchasable","19":"product-type-simple"},"acf":[],"_links":{"self":[{"href":"https:\/\/secureus.se\/fi\/wp-json\/wp\/v2\/product\/115906","targetHints":{"allow":["GET"]}}],"collection":[{"href":"https:\/\/secureus.se\/fi\/wp-json\/wp\/v2\/product"}],"about":[{"href":"https:\/\/secureus.se\/fi\/wp-json\/wp\/v2\/types\/product"}],"wp:featuredmedia":[{"embeddable":true,"href":"https:\/\/secureus.se\/fi\/wp-json\/wp\/v2\/media\/135489"}],"wp:attachment":[{"href":"https:\/\/secureus.se\/fi\/wp-json\/wp\/v2\/media?parent=115906"}],"wp:term":[{"taxonomy":"product_brand","embeddable":true,"href":"https:\/\/secureus.se\/fi\/wp-json\/wp\/v2\/product_brand?post=115906"},{"taxonomy":"product_cat","embeddable":true,"href":"https:\/\/secureus.se\/fi\/wp-json\/wp\/v2\/product_cat?post=115906"},{"taxonomy":"product_tag","embeddable":true,"href":"https:\/\/secureus.se\/fi\/wp-json\/wp\/v2\/product_tag?post=115906"}],"curies":[{"name":"wp","href":"https:\/\/api.w.org\/{rel}","templated":true}]}}