{"id":115926,"date":"2024-11-20T13:56:31","date_gmt":"2024-11-20T12:56:31","guid":{"rendered":"https:\/\/secureus.se\/?post_type=product&#038;p=115926"},"modified":"2026-01-12T12:28:27","modified_gmt":"2026-01-12T11:28:27","slug":"fyrkantig-symbolskylt-wc-herr","status":"publish","type":"product","link":"https:\/\/secureus.se\/fi\/fyrkantig-symbolskylt-wc-herr\/","title":{"rendered":"Neli\u00f6n symbolikyltti WC-miehet"},"content":{"rendered":"<p>Piktogrammit \u2013 visuaaliset kuvakyltit auttavat vierailijoita suuntautumaan ja hankkimaan tietoa kaukaa ja vaikka et osaa kielt\u00e4. Tyylik\u00e4s kyltti, joka on valmistettu naarmuuntumattomasta, harjatusta ruostumattomasta ter\u00e4ksest\u00e4. Asenna mukana toimitetuilla kiinnityslevyill\u00e4. Neli\u00f6nmuotoinen miesten wc-kyltti, mitat 150\u00d7150 mm.<\/p>","protected":false},"excerpt":{"rendered":"<p>Neli\u00f6n symboli merkki miesten wc<\/p>","protected":false},"featured_media":134690,"template":"","meta":{"_acf_changed":false},"product_brand":[],"product_cat":[4262],"product_tag":[4382],"class_list":{"0":"post-115926","1":"product","2":"type-product","3":"status-publish","4":"has-post-thumbnail","6":"product_cat-dorrskyltar-symbolskyltar","7":"product_tag-silver","8":"product_shipping_class-tunga-paket","9":"pa_brands-durable","10":"pa_farg-silver","11":"tm-no-options","13":"first","14":"instock","15":"sale","16":"taxable","17":"shipping-taxable","18":"purchasable","19":"product-type-simple"},"acf":[],"_links":{"self":[{"href":"https:\/\/secureus.se\/fi\/wp-json\/wp\/v2\/product\/115926","targetHints":{"allow":["GET"]}}],"collection":[{"href":"https:\/\/secureus.se\/fi\/wp-json\/wp\/v2\/product"}],"about":[{"href":"https:\/\/secureus.se\/fi\/wp-json\/wp\/v2\/types\/product"}],"wp:featuredmedia":[{"embeddable":true,"href":"https:\/\/secureus.se\/fi\/wp-json\/wp\/v2\/media\/134690"}],"wp:attachment":[{"href":"https:\/\/secureus.se\/fi\/wp-json\/wp\/v2\/media?parent=115926"}],"wp:term":[{"taxonomy":"product_brand","embeddable":true,"href":"https:\/\/secureus.se\/fi\/wp-json\/wp\/v2\/product_brand?post=115926"},{"taxonomy":"product_cat","embeddable":true,"href":"https:\/\/secureus.se\/fi\/wp-json\/wp\/v2\/product_cat?post=115926"},{"taxonomy":"product_tag","embeddable":true,"href":"https:\/\/secureus.se\/fi\/wp-json\/wp\/v2\/product_tag?post=115926"}],"curies":[{"name":"wp","href":"https:\/\/api.w.org\/{rel}","templated":true}]}}