{"id":115943,"date":"2024-11-05T17:22:20","date_gmt":"2024-11-05T16:22:20","guid":{"rendered":"https:\/\/secureus.se\/?post_type=product&#038;p=115943"},"modified":"2026-01-12T12:49:08","modified_gmt":"2026-01-12T11:49:08","slug":"sjalvhaftande-ficka-pocketfix-90x57-100-st","status":"publish","type":"product","link":"https:\/\/secureus.se\/fi\/sjalvhaftande-ficka-pocketfix-90x57-100-st\/","title":{"rendered":"Itseliimautuva tasku POCKETFIX\u00ae 90\u00d757 100 kpl"},"content":{"rendered":"<p>Tarrakansiot, kansiot, laatikot jne. tarroilla, jotka asetetaan itseliimautuvaan POCKETFIX\u00ae-taskuun. L\u00e4pin\u00e4kyv\u00e4 tasku on valmistettu polypropeenimuovista. T\u00e4ss\u00e4 k\u00e4yntikorttitaskussa on aukko kortin toisella puolella ja peukalokahva helpottaa kortin poistamista. Mukana tulee valkoiset tarrat arkeille, jotka voidaan tulostaa tulostimella. Ilmaisessa DURAPRINT\u00ae-ohjelmassa on malli etiketin luomiseen. Sis\u00e4mitat: 90\u00d757. Ulkomitat: 93\u00d762 mm (LxK). Pakkauksessa 100 taskua.<\/p>","protected":false},"excerpt":{"rendered":"<p>Itseliimautuva tasku, jossa aukko toisella lyhyell\u00e4 sivulla. K\u00e4yntikorteille muodossa 90\u00d757.<\/p>","protected":false},"featured_media":135361,"template":"","meta":{"_acf_changed":false},"product_brand":[],"product_cat":[4252],"product_tag":[4376],"class_list":{"0":"post-115943","1":"product","2":"type-product","3":"status-publish","4":"has-post-thumbnail","6":"product_cat-sjalvhaftande-fickor","7":"product_tag-transparent","8":"product_shipping_class-tunga-paket","9":"pa_brands-durable","10":"pa_farg-transparent","11":"tm-no-options","13":"first","14":"instock","15":"sale","16":"taxable","17":"shipping-taxable","18":"purchasable","19":"product-type-simple"},"acf":[],"_links":{"self":[{"href":"https:\/\/secureus.se\/fi\/wp-json\/wp\/v2\/product\/115943","targetHints":{"allow":["GET"]}}],"collection":[{"href":"https:\/\/secureus.se\/fi\/wp-json\/wp\/v2\/product"}],"about":[{"href":"https:\/\/secureus.se\/fi\/wp-json\/wp\/v2\/types\/product"}],"wp:featuredmedia":[{"embeddable":true,"href":"https:\/\/secureus.se\/fi\/wp-json\/wp\/v2\/media\/135361"}],"wp:attachment":[{"href":"https:\/\/secureus.se\/fi\/wp-json\/wp\/v2\/media?parent=115943"}],"wp:term":[{"taxonomy":"product_brand","embeddable":true,"href":"https:\/\/secureus.se\/fi\/wp-json\/wp\/v2\/product_brand?post=115943"},{"taxonomy":"product_cat","embeddable":true,"href":"https:\/\/secureus.se\/fi\/wp-json\/wp\/v2\/product_cat?post=115943"},{"taxonomy":"product_tag","embeddable":true,"href":"https:\/\/secureus.se\/fi\/wp-json\/wp\/v2\/product_tag?post=115943"}],"curies":[{"name":"wp","href":"https:\/\/api.w.org\/{rel}","templated":true}]}}