{"id":115959,"date":"2024-11-20T14:14:37","date_gmt":"2024-11-20T13:14:37","guid":{"rendered":"https:\/\/secureus.se\/?post_type=product&#038;p=115959"},"modified":"2025-12-31T21:25:29","modified_gmt":"2025-12-31T20:25:29","slug":"namnskylt-set-40x60-nal-a4-etikettark","status":"publish","type":"product","link":"https:\/\/secureus.se\/fi\/namnskylt-set-40x60-nal-a4-etikettark\/","title":{"rendered":"Tyyppikilpi SET 40\u00d760, pin + A4 tarra-arkki"},"content":{"rendered":"<p>Konferenssin osallistujat, yritysten vierailijat, henkil\u00f6kunta messuilla, myym\u00e4l\u00f6iss\u00e4, palveluammatit ja myyj\u00e4t - listaa voi laajentaa sinne, miss\u00e4 tarvitaan erikokoisia, -mallisia ja -kiinnitysvaihtoehtoja. T\u00e4ydellinen sarja klassisella yksinkertaisella nimikilvell\u00e4 40x75 mm, jossa on hyvin harkitut ominaisuudet; S-muotoinen neula est\u00e4\u00e4 nimilapun heilumisen alasp\u00e4in, kun se kiinnitet\u00e4\u00e4n vaatteisiin, neulan k\u00e4rki on suojattu, jotta se ei pistele k\u00e4ytt\u00e4j\u00e4\u00e4ns\u00e4, ja peukalonkahva helpottaa kortin irrottamista. Pakkaukseen sis\u00e4ltyy 3 A4-arkkia valkoisilla tarroilla tulostimella tulostamista varten. Lis\u00e4\u00e4 tarroja A4-arkeille voi tilata erikseen. K\u00e4yt\u00e4 ilmaista DURAPRINT\u00ae-ohjelmaa osoitteesta www.duraprint.se luodaksesi ja tulostaaksesi tyylikk\u00e4it\u00e4 nimitarroja.<br \/>\nLis\u00e4varusteet:<br \/>\nBadgemaker\u00ae-tarrat A4-arkeille tulostettaviksi tulostimella, tuotenro 145202<\/p>","protected":false},"excerpt":{"rendered":"<p>T\u00e4ydellinen sarja A4-tarra-arkkeja tulostukseen. 20 nimikyltti\u00e4 40x60mm tappikiinnikkeell\u00e4.<\/p>","protected":false},"featured_media":133741,"template":"","meta":{"_acf_changed":false},"product_brand":[],"product_cat":[4275],"product_tag":[],"class_list":{"0":"post-115959","1":"product","2":"type-product","3":"status-publish","4":"has-post-thumbnail","6":"product_cat-namnskyltar-kompletta-set","7":"product_shipping_class-tunga-paket","8":"pa_brands-durable","9":"tm-no-options","11":"first","12":"instock","13":"sale","14":"taxable","15":"shipping-taxable","16":"purchasable","17":"product-type-simple"},"acf":[],"_links":{"self":[{"href":"https:\/\/secureus.se\/fi\/wp-json\/wp\/v2\/product\/115959","targetHints":{"allow":["GET"]}}],"collection":[{"href":"https:\/\/secureus.se\/fi\/wp-json\/wp\/v2\/product"}],"about":[{"href":"https:\/\/secureus.se\/fi\/wp-json\/wp\/v2\/types\/product"}],"wp:featuredmedia":[{"embeddable":true,"href":"https:\/\/secureus.se\/fi\/wp-json\/wp\/v2\/media\/133741"}],"wp:attachment":[{"href":"https:\/\/secureus.se\/fi\/wp-json\/wp\/v2\/media?parent=115959"}],"wp:term":[{"taxonomy":"product_brand","embeddable":true,"href":"https:\/\/secureus.se\/fi\/wp-json\/wp\/v2\/product_brand?post=115959"},{"taxonomy":"product_cat","embeddable":true,"href":"https:\/\/secureus.se\/fi\/wp-json\/wp\/v2\/product_cat?post=115959"},{"taxonomy":"product_tag","embeddable":true,"href":"https:\/\/secureus.se\/fi\/wp-json\/wp\/v2\/product_tag?post=115959"}],"curies":[{"name":"wp","href":"https:\/\/api.w.org\/{rel}","templated":true}]}}