{"id":115982,"date":"2024-11-05T17:12:53","date_gmt":"2024-11-05T16:12:53","guid":{"rendered":"https:\/\/secureus.se\/?post_type=product&#038;p=115982"},"modified":"2026-01-12T12:54:56","modified_gmt":"2026-01-12T11:54:56","slug":"tablet-holder-wall-xl","status":"publish","type":"product","link":"https:\/\/secureus.se\/fi\/tablet-holder-wall-xl\/","title":{"rendered":"Tablettipidin SEIN\u00c4 XL"},"content":{"rendered":"<p>Tyylik\u00e4s ja toimiva sein\u00e4teline tabletille kokoisille 7\u2033-13\u2033 (160-275 mm) tableteille. K\u00e4ytet\u00e4\u00e4n teollisuudessa, varastoissa ja kuljetusalalla, jossa tabletteja k\u00e4ytet\u00e4\u00e4n suojakuorella tai -kuorella. L\u00e4hell\u00e4 sein\u00e4\u00e4 ja helppo asentaa. Telinett\u00e4 tableteille, joissa ei ole tai joissa on enint\u00e4\u00e4n 23 mm:n kotelo, voidaan k\u00e4\u00e4nt\u00e4\u00e4 360\u00b0 nelj\u00e4ll\u00e4 pys\u00e4ytysasennolla 90\u00b0 v\u00e4lein k\u00e4ytett\u00e4v\u00e4ksi pysty- tai vaakamuodossa. Tabletti voidaan helposti irrottaa pidikkeest\u00e4 ja ottaa mukaan digitaalisiin tarkastuksiin, prosesseihin ja analyyseihin. Latauskaapeli liitet\u00e4\u00e4n tabletin pidikkeess\u00e4 olevan aukon kautta. Helposti asennettava, vahva ja turvallinen sein\u00e4teline mukaan lukien ruuvi ja tulppa.<br \/>\nTabletin enimm\u00e4ispaino 1 kg.<br \/>\nMateriaalit: alumiini, ABS-muovi<br \/>\nMitat: 95 x 225 x 170 mm (L x K x S)  <\/p>","protected":false},"excerpt":{"rendered":"<p>Tablettiteline, joka sopii tableteille, joiden suojakuori on enint\u00e4\u00e4n 23 mm paksu. Sein\u00e4teline k\u00e4ytett\u00e4v\u00e4ksi ymp\u00e4rist\u00f6iss\u00e4, joissa tabletteja k\u00e4ytet\u00e4\u00e4n suojakotelon tai -kuoren kanssa, esim. tuotantolaitoksissa, varastoissa ja kuljetusalalla.<\/p>","protected":false},"featured_media":136068,"template":"","meta":{"_acf_changed":false},"product_brand":[],"product_cat":[4236],"product_tag":[4382],"class_list":{"0":"post-115982","1":"product","2":"type-product","3":"status-publish","4":"has-post-thumbnail","6":"product_cat-surfplattehallare","7":"product_tag-silver","8":"product_shipping_class-tunga-paket","9":"pa_brands-durable","10":"pa_farg-silver","11":"tm-no-options","13":"first","14":"instock","15":"sale","16":"taxable","17":"shipping-taxable","18":"purchasable","19":"product-type-simple"},"acf":[],"_links":{"self":[{"href":"https:\/\/secureus.se\/fi\/wp-json\/wp\/v2\/product\/115982","targetHints":{"allow":["GET"]}}],"collection":[{"href":"https:\/\/secureus.se\/fi\/wp-json\/wp\/v2\/product"}],"about":[{"href":"https:\/\/secureus.se\/fi\/wp-json\/wp\/v2\/types\/product"}],"wp:featuredmedia":[{"embeddable":true,"href":"https:\/\/secureus.se\/fi\/wp-json\/wp\/v2\/media\/136068"}],"wp:attachment":[{"href":"https:\/\/secureus.se\/fi\/wp-json\/wp\/v2\/media?parent=115982"}],"wp:term":[{"taxonomy":"product_brand","embeddable":true,"href":"https:\/\/secureus.se\/fi\/wp-json\/wp\/v2\/product_brand?post=115982"},{"taxonomy":"product_cat","embeddable":true,"href":"https:\/\/secureus.se\/fi\/wp-json\/wp\/v2\/product_cat?post=115982"},{"taxonomy":"product_tag","embeddable":true,"href":"https:\/\/secureus.se\/fi\/wp-json\/wp\/v2\/product_tag?post=115982"}],"curies":[{"name":"wp","href":"https:\/\/api.w.org\/{rel}","templated":true}]}}