{"id":115998,"date":"2024-11-20T14:10:21","date_gmt":"2024-11-20T13:10:21","guid":{"rendered":"https:\/\/secureus.se\/?post_type=product&#038;p=115998"},"modified":"2026-01-12T12:01:19","modified_gmt":"2026-01-12T11:01:19","slug":"golvmarkering-fotavtryck-borttagbar","status":"publish","type":"product","link":"https:\/\/secureus.se\/fi\/golvmarkering-fotavtryck-borttagbar\/","title":{"rendered":"Lattiamerkint\u00e4 &quot;Footprint&quot;, irrotettava"},"content":{"rendered":"<p>Itsekiinnittyv\u00e4, irrotettava jalanj\u00e4ljen muotoinen lattiamerkint\u00e4symboli tilap\u00e4iseen merkint\u00e4\u00e4n liikkeiss\u00e4, kuntosaleissa, hotelleissa ja ravintoloissa. Kiinnittyy puhtaisiin ja kuiviin betonilattioihin. Liukumattomuusluokka R9 standardin DIN 51130 mukaan.<br \/>\nMitat (L x K x S): 90 x 0,2 x 240 mm <\/p>","protected":false},"excerpt":{"rendered":"<p>Itsekiinnittyv\u00e4 lattiamerkint\u00e4 jalanj\u00e4ljen muodossa, joka kertoo, miss\u00e4 on sopivaa seist\u00e4 tai k\u00e4vell\u00e4.<\/p>","protected":false},"featured_media":133776,"template":"","meta":{"_acf_changed":false},"product_brand":[],"product_cat":[4302],"product_tag":[4395],"class_list":{"0":"post-115998","1":"product","2":"type-product","3":"status-publish","4":"has-post-thumbnail","6":"product_cat-markeringar-av-uppstallningsplatser","7":"product_tag-gul","8":"product_shipping_class-tunga-paket","9":"pa_brands-durable","10":"pa_farg-gul","11":"tm-no-options","13":"first","14":"instock","15":"sale","16":"taxable","17":"shipping-taxable","18":"purchasable","19":"product-type-simple"},"acf":[],"_links":{"self":[{"href":"https:\/\/secureus.se\/fi\/wp-json\/wp\/v2\/product\/115998","targetHints":{"allow":["GET"]}}],"collection":[{"href":"https:\/\/secureus.se\/fi\/wp-json\/wp\/v2\/product"}],"about":[{"href":"https:\/\/secureus.se\/fi\/wp-json\/wp\/v2\/types\/product"}],"wp:featuredmedia":[{"embeddable":true,"href":"https:\/\/secureus.se\/fi\/wp-json\/wp\/v2\/media\/133776"}],"wp:attachment":[{"href":"https:\/\/secureus.se\/fi\/wp-json\/wp\/v2\/media?parent=115998"}],"wp:term":[{"taxonomy":"product_brand","embeddable":true,"href":"https:\/\/secureus.se\/fi\/wp-json\/wp\/v2\/product_brand?post=115998"},{"taxonomy":"product_cat","embeddable":true,"href":"https:\/\/secureus.se\/fi\/wp-json\/wp\/v2\/product_cat?post=115998"},{"taxonomy":"product_tag","embeddable":true,"href":"https:\/\/secureus.se\/fi\/wp-json\/wp\/v2\/product_tag?post=115998"}],"curies":[{"name":"wp","href":"https:\/\/api.w.org\/{rel}","templated":true}]}}