{"id":116006,"date":"2024-11-20T14:17:32","date_gmt":"2024-11-20T13:17:32","guid":{"rendered":"https:\/\/secureus.se\/?post_type=product&#038;p=116006"},"modified":"2026-01-12T12:46:07","modified_gmt":"2026-01-12T11:46:07","slug":"scanfix-1-m-x-40-mm","status":"publish","type":"product","link":"https:\/\/secureus.se\/fi\/scanfix-1-m-x-40-mm\/","title":{"rendered":"SCANFIX\u00ae 1 x 40 mm"},"content":{"rendered":"<p>Tarrateline SCANFIX\u00ae esimerkiksi hintojen ja viivakoodien merkitsemiseen ja skannaamiseen hyllyjen reunoilla, lavatelineiss\u00e4 ja s\u00e4ilytyslaatikoissa. Mukana tulevat valkoiset etiketit ja pidike voidaan leikata haluttuun pituuteen. Avaa ylh\u00e4\u00e4lt\u00e4 ja sivuilta, joten ne sopivat usein vaihdettaville tarroille. Ilmaisia malleja tyylikk\u00e4iden tarrojen suunnitteluun ja tulostamiseen on saatavilla osoitteessa www.duraprint.se. Mitat: 1000 x 40 mm (LxK)<br \/>\nLis\u00e4varusteet:<br \/>\nLis\u00e4tarrat A5-arkeille tulostettaviksi tulostimella, tuotenro 809902. N\u00e4m\u00e4 lis\u00e4tarrat ovat 20 cm pitki\u00e4.<\/p>","protected":false},"excerpt":{"rendered":"<p>Itsekiinnittyv\u00e4, skannattava tarrateline esim. hyllyn reunojen merkitsemiseen. Avoin ylh\u00e4\u00e4lt\u00e4 ja sivulta. Kirjoituskorkeus 4 cm, pituus 1 metri.<\/p>","protected":false},"featured_media":133699,"template":"","meta":{"_acf_changed":false},"product_brand":[],"product_cat":[4312],"product_tag":[4376],"class_list":{"0":"post-116006","1":"product","2":"type-product","3":"status-publish","4":"has-post-thumbnail","6":"product_cat-etikettremsor-skanningsbara","7":"product_tag-transparent","8":"product_shipping_class-tunga-paket","9":"pa_brands-durable","10":"pa_farg-transparent","11":"tm-no-options","13":"first","14":"instock","15":"sale","16":"taxable","17":"shipping-taxable","18":"purchasable","19":"product-type-simple"},"acf":[],"_links":{"self":[{"href":"https:\/\/secureus.se\/fi\/wp-json\/wp\/v2\/product\/116006","targetHints":{"allow":["GET"]}}],"collection":[{"href":"https:\/\/secureus.se\/fi\/wp-json\/wp\/v2\/product"}],"about":[{"href":"https:\/\/secureus.se\/fi\/wp-json\/wp\/v2\/types\/product"}],"wp:featuredmedia":[{"embeddable":true,"href":"https:\/\/secureus.se\/fi\/wp-json\/wp\/v2\/media\/133699"}],"wp:attachment":[{"href":"https:\/\/secureus.se\/fi\/wp-json\/wp\/v2\/media?parent=116006"}],"wp:term":[{"taxonomy":"product_brand","embeddable":true,"href":"https:\/\/secureus.se\/fi\/wp-json\/wp\/v2\/product_brand?post=116006"},{"taxonomy":"product_cat","embeddable":true,"href":"https:\/\/secureus.se\/fi\/wp-json\/wp\/v2\/product_cat?post=116006"},{"taxonomy":"product_tag","embeddable":true,"href":"https:\/\/secureus.se\/fi\/wp-json\/wp\/v2\/product_tag?post=116006"}],"curies":[{"name":"wp","href":"https:\/\/api.w.org\/{rel}","templated":true}]}}