{"id":116064,"date":"2024-11-20T14:17:51","date_gmt":"2024-11-20T13:17:51","guid":{"rendered":"https:\/\/secureus.se\/?post_type=product&#038;p=116064"},"modified":"2026-01-12T12:35:04","modified_gmt":"2026-01-12T11:35:04","slug":"sekretessfilter-magnetic-14-0-169","status":"publish","type":"product","link":"https:\/\/secureus.se\/fi\/sekretessfilter-magnetic-14-0-169\/","title":{"rendered":"Tietosuojasuodatin MAGNETIC 14.0\u201c 16:9"},"content":{"rendered":"<p>Koska on tavallista ty\u00f6skennell\u00e4 useammissa paikoissa kuin toimistossa \u2013 junissa, lennoilla tai julkisilla paikoilla, joissa on paljon ihmisi\u00e4, kuten kahviloissa, my\u00f6s riski siit\u00e4, ett\u00e4 luvattomat n\u00e4kev\u00e4t tai n\u00e4kev\u00e4t tietoja, joita emme halua tai emme saa jakaa, kasvaa. Suojaa tietokoneen n\u00e4ytt\u00f6\u00e4 yksityisyyden suojaavilla suodattimilla visuaalista hakkerointia ja uteliailta katseilta vastaan Irrota suojamuovi suodattimen oikeasta ja vasemmasta yl\u00e4reunasta ja kiinnit\u00e4 suodatin tietokoneeseen. Poista sitten vain suodatin, joka kiinnittyy magneettisesti kahteen tietokoneeseen kiinnitettyyn magneettiin. Kun suodatin ei ole k\u00e4yt\u00f6ss\u00e4, se voidaan tallentaa mukana tulevaan tallennuskansioon. Yksityisyyssuodatin tekee n\u00e4yt\u00f6n tumman molemmilta puolilta 30\u00b0 kulmassa, mutta antaa k\u00e4ytt\u00e4j\u00e4lle selke\u00e4n n\u00e4ytt\u00f6kuvan edest\u00e4. Sivulta katsottuna yksityisyydensuojasuodatin est\u00e4\u00e4 &quot;sneak peeks&quot; 60\u00b0 kulmassa. Suodattimen mattapintainen pinta v\u00e4hent\u00e4\u00e4 silmien rasitusta ja v\u00e4hent\u00e4\u00e4 haitallista sinist\u00e4 valoa. Tietokoneen n\u00e4ytt\u00f6 on suojattu naarmuilta ja p\u00f6lylt\u00e4 yksityisyydensuojasuodattimella, ja sit\u00e4 voidaan k\u00e4ytt\u00e4\u00e4 my\u00f6s kosketusn\u00e4yt\u00f6iss\u00e4. Mukana tulee mikrokuituliina tietokoneen n\u00e4yt\u00f6n ja suojasuodattimen puhdistamiseen.<br \/>\nT\u00e4m\u00e4 tietosuojasuodatin on tarkoitettu 14,0&quot; 16:9-n\u00e4yt\u00f6ille, joiden mitat ovat 310 x 174 mm \/ 12,2&quot; x 6,9&quot; (LxK). Yksityisyyssuodattimen mitat ovat 310 x 183 mm.<\/p>","protected":false},"excerpt":{"rendered":"<p>Yksityisyyssuodatin magneettikiinnikkeell\u00e4, joka suojaa tietokoneesi n\u00e4yt\u00f6n yksityisyytt\u00e4 luvattomilta katseilta. Toimitetaan k\u00e4yt\u00e4nn\u00f6llisess\u00e4 s\u00e4ilytystaskussa. 14,0&quot; 16:9 n\u00e4yt\u00f6ille.<\/p>","protected":false},"featured_media":133516,"template":"","meta":{"_acf_changed":false},"product_brand":[],"product_cat":[4242],"product_tag":[4394],"class_list":{"0":"post-116064","1":"product","2":"type-product","3":"status-publish","4":"has-post-thumbnail","6":"product_cat-sekretessfilter","7":"product_tag-antracitgra","8":"product_shipping_class-tunga-paket","9":"pa_brands-durable","10":"pa_farg-antracitgra","11":"tm-no-options","13":"first","14":"instock","15":"sale","16":"taxable","17":"shipping-taxable","18":"purchasable","19":"product-type-simple"},"acf":[],"_links":{"self":[{"href":"https:\/\/secureus.se\/fi\/wp-json\/wp\/v2\/product\/116064","targetHints":{"allow":["GET"]}}],"collection":[{"href":"https:\/\/secureus.se\/fi\/wp-json\/wp\/v2\/product"}],"about":[{"href":"https:\/\/secureus.se\/fi\/wp-json\/wp\/v2\/types\/product"}],"wp:featuredmedia":[{"embeddable":true,"href":"https:\/\/secureus.se\/fi\/wp-json\/wp\/v2\/media\/133516"}],"wp:attachment":[{"href":"https:\/\/secureus.se\/fi\/wp-json\/wp\/v2\/media?parent=116064"}],"wp:term":[{"taxonomy":"product_brand","embeddable":true,"href":"https:\/\/secureus.se\/fi\/wp-json\/wp\/v2\/product_brand?post=116064"},{"taxonomy":"product_cat","embeddable":true,"href":"https:\/\/secureus.se\/fi\/wp-json\/wp\/v2\/product_cat?post=116064"},{"taxonomy":"product_tag","embeddable":true,"href":"https:\/\/secureus.se\/fi\/wp-json\/wp\/v2\/product_tag?post=116064"}],"curies":[{"name":"wp","href":"https:\/\/api.w.org\/{rel}","templated":true}]}}